{"id":988827,"date":"2024-04-27T07:55:44","date_gmt":"2024-04-27T07:55:44","guid":{"rendered":"https:\/\/backspace.agency\/switchco\/artidis-ag\/"},"modified":"2024-05-16T16:40:37","modified_gmt":"2024-05-16T16:40:37","slug":"artidis-ag","status":"publish","type":"page","link":"https:\/\/switch-co.rs\/sr\/artidis-ag\/","title":{"rendered":"ARTIDIS AG"},"content":{"rendered":"\t\t<div data-elementor-type=\"wp-page\" data-elementor-id=\"988827\" class=\"elementor elementor-988827 elementor-988675\" data-elementor-post-type=\"page\">\n\t\t\t\t<div class=\"elementor-element elementor-element-50d8de5f e-flex e-con-boxed e-con e-parent\" data-id=\"50d8de5f\" data-element_type=\"container\" data-e-type=\"container\" data-settings=\"{&quot;background_background&quot;:&quot;classic&quot;,&quot;shape_divider_bottom&quot;:&quot;triangle&quot;}\">\n\t\t\t\t\t<div class=\"e-con-inner\">\n\t\t\t\t<div class=\"elementor-shape elementor-shape-bottom\" aria-hidden=\"true\" data-negative=\"false\">\n\t\t\t<svg xmlns=\"http:\/\/www.w3.org\/2000\/svg\" viewBox=\"0 0 1000 100\" preserveAspectRatio=\"none\">\n\t<path class=\"elementor-shape-fill\" d=\"M500,98.9L0,6.1V0h1000v6.1L500,98.9z\"\/>\n<\/svg>\t\t<\/div>\n\t\t<div class=\"elementor-element elementor-element-6a6430b e-flex e-con-boxed e-con e-child\" data-id=\"6a6430b\" data-element_type=\"container\" data-e-type=\"container\">\n\t\t\t\t\t<div class=\"e-con-inner\">\n\t\t\t\t<div class=\"elementor-element elementor-element-40571939 elementor-widget elementor-widget-heading\" data-id=\"40571939\" data-element_type=\"widget\" data-e-type=\"widget\" data-widget_type=\"heading.default\">\n\t\t\t\t<div class=\"elementor-widget-container\">\n\t\t\t\t\t<h2 class=\"elementor-heading-title elementor-size-default\">USLUGE<\/h2>\t\t\t\t<\/div>\n\t\t\t\t<\/div>\n\t\t\t\t<div class=\"elementor-element elementor-element-568dd606 elementor-widget elementor-widget-heading\" data-id=\"568dd606\" data-element_type=\"widget\" data-e-type=\"widget\" data-widget_type=\"heading.default\">\n\t\t\t\t<div class=\"elementor-widget-container\">\n\t\t\t\t\t<h1 class=\"elementor-heading-title elementor-size-default\">ARTIDIS AG.<\/h1>\t\t\t\t<\/div>\n\t\t\t\t<\/div>\n\t\t\t\t<div class=\"elementor-element elementor-element-4d3b6313 elementor-widget elementor-widget-text-editor\" data-id=\"4d3b6313\" data-element_type=\"widget\" data-e-type=\"widget\" data-widget_type=\"text-editor.default\">\n\t\t\t\t<div class=\"elementor-widget-container\">\n\t\t\t\t\t\t\t\t\t<p>Startup medicinskog ure\u0111aja za ispitivanje c\u0301elija raka zasnovanog na nanotehnologiji.<\/p>\n\t\t\t\t\t\t\t\t<\/div>\n\t\t\t\t<\/div>\n\t\t\t\t\t<\/div>\n\t\t\t\t<\/div>\n\t\t\t\t\t<\/div>\n\t\t\t\t<\/div>\n\t\t<div class=\"elementor-element elementor-element-7ad0ce76 e-flex e-con-boxed e-con e-parent\" data-id=\"7ad0ce76\" data-element_type=\"container\" data-e-type=\"container\">\n\t\t\t\t\t<div class=\"e-con-inner\">\n\t\t<div class=\"elementor-element elementor-element-7933bbed e-flex e-con-boxed e-con e-child\" data-id=\"7933bbed\" data-element_type=\"container\" data-e-type=\"container\">\n\t\t\t\t\t<div class=\"e-con-inner\">\n\t\t<div class=\"elementor-element elementor-element-d630e31 e-flex e-con-boxed e-con e-child\" data-id=\"d630e31\" data-element_type=\"container\" data-e-type=\"container\">\n\t\t\t\t\t<div class=\"e-con-inner\">\n\t\t<div class=\"elementor-element elementor-element-c5aed69 e-flex e-con-boxed e-con e-child\" data-id=\"c5aed69\" data-element_type=\"container\" data-e-type=\"container\">\n\t\t\t\t\t<div class=\"e-con-inner\">\n\t\t\t\t<div class=\"elementor-element elementor-element-221a27b3 elementor-widget elementor-widget-heading\" data-id=\"221a27b3\" data-element_type=\"widget\" data-e-type=\"widget\" data-widget_type=\"heading.default\">\n\t\t\t\t<div class=\"elementor-widget-container\">\n\t\t\t\t\t<h2 class=\"elementor-heading-title elementor-size-default\">Treba da znate\n<\/h2>\t\t\t\t<\/div>\n\t\t\t\t<\/div>\n\t\t\t\t<div class=\"elementor-element elementor-element-554455ea elementor-widget elementor-widget-text-editor\" data-id=\"554455ea\" data-element_type=\"widget\" data-e-type=\"widget\" data-widget_type=\"text-editor.default\">\n\t\t\t\t<div class=\"elementor-widget-container\">\n\t\t\t\t\t\t\t\t\tSa\u017eeli smo osnovne informacije o proizvodima, re\u0161enjima i uslugama za ovog klijenta.\n\n\t\t\t\t\t\t\t\t<\/div>\n\t\t\t\t<\/div>\n\t\t\t\t<div class=\"elementor-element elementor-element-6178c19 elementor-widget elementor-widget-image\" data-id=\"6178c19\" data-element_type=\"widget\" data-e-type=\"widget\" data-widget_type=\"image.default\">\n\t\t\t\t<div class=\"elementor-widget-container\">\n\t\t\t\t\t\t\t\t\t\t\t\t\t\t\t<img decoding=\"async\" width=\"320\" height=\"76\" src=\"https:\/\/switch-co.rs\/wp-content\/uploads\/2024\/04\/logo_artidis.png\" class=\"attachment-large size-large wp-image-988678\" alt=\"\" srcset=\"https:\/\/switch-co.rs\/wp-content\/uploads\/2024\/04\/logo_artidis.png 320w, https:\/\/switch-co.rs\/wp-content\/uploads\/2024\/04\/logo_artidis-300x71.png 300w\" sizes=\"(max-width: 320px) 100vw, 320px\" \/>\t\t\t\t\t\t\t\t\t\t\t\t\t\t\t<\/div>\n\t\t\t\t<\/div>\n\t\t\t\t\t<\/div>\n\t\t\t\t<\/div>\n\t\t<div class=\"elementor-element elementor-element-463f5b3 e-flex e-con-boxed e-con e-child\" data-id=\"463f5b3\" data-element_type=\"container\" data-e-type=\"container\">\n\t\t\t\t\t<div class=\"e-con-inner\">\n\t\t\t\t<div class=\"elementor-element elementor-element-0de5869 elementor-widget elementor-widget-image\" data-id=\"0de5869\" data-element_type=\"widget\" data-e-type=\"widget\" data-widget_type=\"image.default\">\n\t\t\t\t<div class=\"elementor-widget-container\">\n\t\t\t\t\t\t\t\t\t\t\t\t\t\t\t\t<a href=\"https:\/\/switch-co.rs\/wp-content\/uploads\/2024\/04\/swiss_startup_ARTIDIS_Product_640x350.jpg\" data-elementor-open-lightbox=\"yes\" data-e-action-hash=\"#elementor-action%3Aaction%3Dlightbox%26settings%3DeyJpZCI6OTg4NjgwLCJ1cmwiOiJodHRwczpcL1wvc3dpdGNoLWNvLnJzXC93cC1jb250ZW50XC91cGxvYWRzXC8yMDI0XC8wNFwvc3dpc3Nfc3RhcnR1cF9BUlRJRElTX1Byb2R1Y3RfNjQweDM1MC5qcGcifQ%3D%3D\">\n\t\t\t\t\t\t\t<img fetchpriority=\"high\" decoding=\"async\" width=\"640\" height=\"350\" src=\"https:\/\/switch-co.rs\/wp-content\/uploads\/2024\/04\/swiss_startup_ARTIDIS_Product_640x350.jpg\" class=\"attachment-full size-full wp-image-988680\" alt=\"\" srcset=\"https:\/\/switch-co.rs\/wp-content\/uploads\/2024\/04\/swiss_startup_ARTIDIS_Product_640x350.jpg 640w, https:\/\/switch-co.rs\/wp-content\/uploads\/2024\/04\/swiss_startup_ARTIDIS_Product_640x350-300x164.jpg 300w\" sizes=\"(max-width: 640px) 100vw, 640px\" \/>\t\t\t\t\t\t\t\t<\/a>\n\t\t\t\t\t\t\t\t\t\t\t\t\t\t\t<\/div>\n\t\t\t\t<\/div>\n\t\t\t\t\t<\/div>\n\t\t\t\t<\/div>\n\t\t\t\t\t<\/div>\n\t\t\t\t<\/div>\n\t\t\t\t<div class=\"elementor-element elementor-element-5c88fe6 elementor-widget elementor-widget-text-editor\" data-id=\"5c88fe6\" data-element_type=\"widget\" data-e-type=\"widget\" data-widget_type=\"text-editor.default\">\n\t\t\t\t<div class=\"elementor-widget-container\">\n\t\t\t\t\t\t\t\t\t<h3>Zahtevi klijenta<\/h3>\n<p>Ure\u0111aj je napravljen od nule, jer ovako ne\u0161to jo\u0161 ne postoji na tr\u017ei\u0161tu. Veliki izazov bio je napraviti delove koji bi bili funkcionalni i adekvatni za potrebe klijenta. Ve\u0107ina delova je patentirana i morao sam stvoriti sliku u glavi nakon \u0161to mi je klijent objasnio \u0161ta mu je potrebno, kako bih napravio deo koji je funkcionalan i jednostavan za izradu putem tehnologije koju proizvo\u0111a\u010di poseduju. Kolo ima 6500 dal. Sklopovi i podsistemi moraju biti funkcionalni jer je ure\u0111aj potpuno automatizovan. Unutar sklopa nalaze se piezo motori koji pokre\u0107u ceo mehanizam.<\/p>\n<h3>Studija slu\u010daja<\/h3>\n<p>Pomok jednog od tih motora iznosi 38 mikrometara (0.038mm) \u0161to ne ostavlja veliki prostor za toleranciju. Kroz ovaj projekat sam morao da upotrebim razna znanja iz oblasti in\u017eenjerstva, 3D modelovanja, limarije, brizganja, CNC glodanja, 3D \u0161tampanja, tehnicka dokumentacija za izradu prilago\u0111enih modela, BOM (Sastavnica) narud\u017ebenice, dobavlja\u010di, broj naloga dobavlja\u010da, kompatibilnost razli\u010ditih materijala u zajedni\u010dkom sklopu, njihovu hemijsku otpornost na razne medicinske rastvore koji se upotrebljavaju prilikom uzorkovanja. Tu sam se upoznao i prvi put sa AFM (mikroskopija atomske sile) i pribli\u017eio mi je na\u010din funkcionisanja celog ure\u0111aja. Rad u timu programera, elektroin\u017eenjera, konstantni pregovori sa proizvo\u0111a\u010dima delova koje projektujem i njihovim mogu\u0107nostima. \u010cesto sam bio u poziciji da radim od ku\u0107e i da se oslanjam samo na 3D sklop, kada dobijem zadatak koji klijent od mene zahteva da bude obavljen i dostavljen.<\/p>\n\t\t\t\t\t\t\t\t<\/div>\n\t\t\t\t<\/div>\n\t\t<div class=\"elementor-element elementor-element-7e5ed89 e-flex e-con-boxed e-con e-child\" data-id=\"7e5ed89\" data-element_type=\"container\" data-e-type=\"container\">\n\t\t\t\t\t<div class=\"e-con-inner\">\n\t\t<div class=\"elementor-element elementor-element-e3de934 e-flex e-con-boxed e-con e-child\" data-id=\"e3de934\" data-element_type=\"container\" data-e-type=\"container\">\n\t\t\t\t\t<div class=\"e-con-inner\">\n\t\t\t\t<div class=\"elementor-element elementor-element-8a567a4 elementor-widget elementor-widget-image\" data-id=\"8a567a4\" data-element_type=\"widget\" data-e-type=\"widget\" data-widget_type=\"image.default\">\n\t\t\t\t<div class=\"elementor-widget-container\">\n\t\t\t\t\t\t\t\t\t\t\t\t\t\t\t<img decoding=\"async\" width=\"542\" height=\"610\" src=\"https:\/\/switch-co.rs\/wp-content\/uploads\/2024\/04\/graphic_dataplatform_center.jpg\" class=\"attachment-large size-large wp-image-988682\" alt=\"\" srcset=\"https:\/\/switch-co.rs\/wp-content\/uploads\/2024\/04\/graphic_dataplatform_center.jpg 542w, https:\/\/switch-co.rs\/wp-content\/uploads\/2024\/04\/graphic_dataplatform_center-267x300.jpg 267w\" sizes=\"(max-width: 542px) 100vw, 542px\" \/>\t\t\t\t\t\t\t\t\t\t\t\t\t\t\t<\/div>\n\t\t\t\t<\/div>\n\t\t\t\t\t<\/div>\n\t\t\t\t<\/div>\n\t\t<div class=\"elementor-element elementor-element-2fdc304 e-flex e-con-boxed e-con e-child\" data-id=\"2fdc304\" data-element_type=\"container\" data-e-type=\"container\">\n\t\t\t\t\t<div class=\"e-con-inner\">\n\t\t\t\t<div class=\"elementor-element elementor-element-4f6394d elementor-widget elementor-widget-image\" data-id=\"4f6394d\" data-element_type=\"widget\" data-e-type=\"widget\" data-widget_type=\"image.default\">\n\t\t\t\t<div class=\"elementor-widget-container\">\n\t\t\t\t\t\t\t\t\t\t\t\t\t\t\t<img loading=\"lazy\" decoding=\"async\" width=\"300\" height=\"450\" src=\"https:\/\/switch-co.rs\/wp-content\/uploads\/2024\/04\/main_9a97eb8f903fb1b8e3d20d206ba6c7cc.jpg\" class=\"attachment-full size-full wp-image-988684\" alt=\"\" srcset=\"https:\/\/switch-co.rs\/wp-content\/uploads\/2024\/04\/main_9a97eb8f903fb1b8e3d20d206ba6c7cc.jpg 300w, https:\/\/switch-co.rs\/wp-content\/uploads\/2024\/04\/main_9a97eb8f903fb1b8e3d20d206ba6c7cc-200x300.jpg 200w\" sizes=\"(max-width: 300px) 100vw, 300px\" \/>\t\t\t\t\t\t\t\t\t\t\t\t\t\t\t<\/div>\n\t\t\t\t<\/div>\n\t\t\t\t\t<\/div>\n\t\t\t\t<\/div>\n\t\t\t\t\t<\/div>\n\t\t\t\t<\/div>\n\t\t\t\t\t<\/div>\n\t\t\t\t<\/div>\n\t\t\t\t\t<\/div>\n\t\t\t\t<\/div>\n\t\t\t\t<\/div>\n\t\t","protected":false},"excerpt":{"rendered":"<p>USLUGE ARTIDIS AG. Startup medicinskog ure\u0111aja za ispitivanje c\u0301elija raka zasnovanog na nanotehnologiji. Treba da znate Sa\u017eeli smo osnovne informacije o proizvodima, re\u0161enjima i uslugama za ovog klijenta. Zahtevi klijenta Ure\u0111aj je napravljen od nule, jer ovako ne\u0161to jo\u0161 ne postoji na tr\u017ei\u0161tu. Veliki izazov bio je napraviti delove koji bi bili funkcionalni i adekvatni [&hellip;]<\/p>\n","protected":false},"author":2,"featured_media":0,"parent":0,"menu_order":0,"comment_status":"closed","ping_status":"closed","template":"elementor_header_footer","meta":{"om_disable_all_campaigns":false,"_monsterinsights_skip_tracking":false,"_monsterinsights_sitenote_active":false,"_monsterinsights_sitenote_note":"","_monsterinsights_sitenote_category":0,"_uf_show_specific_survey":0,"_uf_disable_surveys":false,"footnotes":""},"class_list":["post-988827","page","type-page","status-publish","hentry"],"aioseo_notices":[],"yoast_head":"<!-- This site is optimized with the Yoast SEO plugin v27.4 - https:\/\/yoast.com\/product\/yoast-seo-wordpress\/ -->\n<title>ARTIDIS AG - Switch Co<\/title>\n<meta name=\"robots\" content=\"index, follow, max-snippet:-1, max-image-preview:large, max-video-preview:-1\" \/>\n<link rel=\"canonical\" href=\"https:\/\/switch-co.rs\/sr\/artidis-ag\/\" \/>\n<meta property=\"og:locale\" content=\"sr_RS\" \/>\n<meta property=\"og:type\" content=\"article\" \/>\n<meta property=\"og:title\" content=\"ARTIDIS AG - Switch Co\" \/>\n<meta property=\"og:description\" content=\"USLUGE ARTIDIS AG. Startup medicinskog ure\u0111aja za ispitivanje c\u0301elija raka zasnovanog na nanotehnologiji. Treba da znate Sa\u017eeli smo osnovne informacije o proizvodima, re\u0161enjima i uslugama za ovog klijenta. Zahtevi klijenta Ure\u0111aj je napravljen od nule, jer ovako ne\u0161to jo\u0161 ne postoji na tr\u017ei\u0161tu. Veliki izazov bio je napraviti delove koji bi bili funkcionalni i adekvatni [&hellip;]\" \/>\n<meta property=\"og:url\" content=\"https:\/\/switch-co.rs\/sr\/artidis-ag\/\" \/>\n<meta property=\"og:site_name\" content=\"Switch Co\" \/>\n<meta property=\"article:modified_time\" content=\"2024-05-16T16:40:37+00:00\" \/>\n<meta property=\"og:image\" content=\"https:\/\/switch-co.rs\/wp-content\/uploads\/2024\/04\/logo_artidis.png\" \/>\n<meta name=\"twitter:card\" content=\"summary_large_image\" \/>\n<meta name=\"twitter:label1\" content=\"\u041f\u0440\u043e\u0446\u0435\u045a\u0435\u043d\u043e \u0432\u0440\u0435\u043c\u0435 \u0447\u0438\u0442\u0430\u045a\u0430\" \/>\n\t<meta name=\"twitter:data1\" content=\"1 \u043c\u0438\u043d\u0443\u0442\" \/>\n<script type=\"application\/ld+json\" class=\"yoast-schema-graph\">{\"@context\":\"https:\\\/\\\/schema.org\",\"@graph\":[{\"@type\":\"WebPage\",\"@id\":\"https:\\\/\\\/switch-co.rs\\\/sr\\\/artidis-ag\\\/\",\"url\":\"https:\\\/\\\/switch-co.rs\\\/sr\\\/artidis-ag\\\/\",\"name\":\"ARTIDIS AG - Switch Co\",\"isPartOf\":{\"@id\":\"https:\\\/\\\/switch-co.rs\\\/#website\"},\"primaryImageOfPage\":{\"@id\":\"https:\\\/\\\/switch-co.rs\\\/sr\\\/artidis-ag\\\/#primaryimage\"},\"image\":{\"@id\":\"https:\\\/\\\/switch-co.rs\\\/sr\\\/artidis-ag\\\/#primaryimage\"},\"thumbnailUrl\":\"https:\\\/\\\/switch-co.rs\\\/wp-content\\\/uploads\\\/2024\\\/04\\\/logo_artidis.png\",\"datePublished\":\"2024-04-27T07:55:44+00:00\",\"dateModified\":\"2024-05-16T16:40:37+00:00\",\"breadcrumb\":{\"@id\":\"https:\\\/\\\/switch-co.rs\\\/sr\\\/artidis-ag\\\/#breadcrumb\"},\"inLanguage\":\"sr-RS\",\"potentialAction\":[{\"@type\":\"ReadAction\",\"target\":[\"https:\\\/\\\/switch-co.rs\\\/sr\\\/artidis-ag\\\/\"]}]},{\"@type\":\"ImageObject\",\"inLanguage\":\"sr-RS\",\"@id\":\"https:\\\/\\\/switch-co.rs\\\/sr\\\/artidis-ag\\\/#primaryimage\",\"url\":\"https:\\\/\\\/switch-co.rs\\\/wp-content\\\/uploads\\\/2024\\\/04\\\/logo_artidis.png\",\"contentUrl\":\"https:\\\/\\\/switch-co.rs\\\/wp-content\\\/uploads\\\/2024\\\/04\\\/logo_artidis.png\"},{\"@type\":\"BreadcrumbList\",\"@id\":\"https:\\\/\\\/switch-co.rs\\\/sr\\\/artidis-ag\\\/#breadcrumb\",\"itemListElement\":[{\"@type\":\"ListItem\",\"position\":1,\"name\":\"Home\",\"item\":\"https:\\\/\\\/switch-co.rs\\\/sr\\\/\"},{\"@type\":\"ListItem\",\"position\":2,\"name\":\"ARTIDIS AG\"}]},{\"@type\":\"WebSite\",\"@id\":\"https:\\\/\\\/switch-co.rs\\\/#website\",\"url\":\"https:\\\/\\\/switch-co.rs\\\/\",\"name\":\"Switch Co\",\"description\":\"\",\"potentialAction\":[{\"@type\":\"SearchAction\",\"target\":{\"@type\":\"EntryPoint\",\"urlTemplate\":\"https:\\\/\\\/switch-co.rs\\\/?s={search_term_string}\"},\"query-input\":{\"@type\":\"PropertyValueSpecification\",\"valueRequired\":true,\"valueName\":\"search_term_string\"}}],\"inLanguage\":\"sr-RS\"}]}<\/script>\n<!-- \/ Yoast SEO plugin. -->","yoast_head_json":{"title":"ARTIDIS AG - Switch Co","robots":{"index":"index","follow":"follow","max-snippet":"max-snippet:-1","max-image-preview":"max-image-preview:large","max-video-preview":"max-video-preview:-1"},"canonical":"https:\/\/switch-co.rs\/sr\/artidis-ag\/","og_locale":"sr_RS","og_type":"article","og_title":"ARTIDIS AG - Switch Co","og_description":"USLUGE ARTIDIS AG. Startup medicinskog ure\u0111aja za ispitivanje c\u0301elija raka zasnovanog na nanotehnologiji. Treba da znate Sa\u017eeli smo osnovne informacije o proizvodima, re\u0161enjima i uslugama za ovog klijenta. Zahtevi klijenta Ure\u0111aj je napravljen od nule, jer ovako ne\u0161to jo\u0161 ne postoji na tr\u017ei\u0161tu. Veliki izazov bio je napraviti delove koji bi bili funkcionalni i adekvatni [&hellip;]","og_url":"https:\/\/switch-co.rs\/sr\/artidis-ag\/","og_site_name":"Switch Co","article_modified_time":"2024-05-16T16:40:37+00:00","og_image":[{"url":"https:\/\/switch-co.rs\/wp-content\/uploads\/2024\/04\/logo_artidis.png","type":"","width":"","height":""}],"twitter_card":"summary_large_image","twitter_misc":{"\u041f\u0440\u043e\u0446\u0435\u045a\u0435\u043d\u043e \u0432\u0440\u0435\u043c\u0435 \u0447\u0438\u0442\u0430\u045a\u0430":"1 \u043c\u0438\u043d\u0443\u0442"},"schema":{"@context":"https:\/\/schema.org","@graph":[{"@type":"WebPage","@id":"https:\/\/switch-co.rs\/sr\/artidis-ag\/","url":"https:\/\/switch-co.rs\/sr\/artidis-ag\/","name":"ARTIDIS AG - Switch Co","isPartOf":{"@id":"https:\/\/switch-co.rs\/#website"},"primaryImageOfPage":{"@id":"https:\/\/switch-co.rs\/sr\/artidis-ag\/#primaryimage"},"image":{"@id":"https:\/\/switch-co.rs\/sr\/artidis-ag\/#primaryimage"},"thumbnailUrl":"https:\/\/switch-co.rs\/wp-content\/uploads\/2024\/04\/logo_artidis.png","datePublished":"2024-04-27T07:55:44+00:00","dateModified":"2024-05-16T16:40:37+00:00","breadcrumb":{"@id":"https:\/\/switch-co.rs\/sr\/artidis-ag\/#breadcrumb"},"inLanguage":"sr-RS","potentialAction":[{"@type":"ReadAction","target":["https:\/\/switch-co.rs\/sr\/artidis-ag\/"]}]},{"@type":"ImageObject","inLanguage":"sr-RS","@id":"https:\/\/switch-co.rs\/sr\/artidis-ag\/#primaryimage","url":"https:\/\/switch-co.rs\/wp-content\/uploads\/2024\/04\/logo_artidis.png","contentUrl":"https:\/\/switch-co.rs\/wp-content\/uploads\/2024\/04\/logo_artidis.png"},{"@type":"BreadcrumbList","@id":"https:\/\/switch-co.rs\/sr\/artidis-ag\/#breadcrumb","itemListElement":[{"@type":"ListItem","position":1,"name":"Home","item":"https:\/\/switch-co.rs\/sr\/"},{"@type":"ListItem","position":2,"name":"ARTIDIS AG"}]},{"@type":"WebSite","@id":"https:\/\/switch-co.rs\/#website","url":"https:\/\/switch-co.rs\/","name":"Switch Co","description":"","potentialAction":[{"@type":"SearchAction","target":{"@type":"EntryPoint","urlTemplate":"https:\/\/switch-co.rs\/?s={search_term_string}"},"query-input":{"@type":"PropertyValueSpecification","valueRequired":true,"valueName":"search_term_string"}}],"inLanguage":"sr-RS"}]}},"_links":{"self":[{"href":"https:\/\/switch-co.rs\/sr\/wp-json\/wp\/v2\/pages\/988827","targetHints":{"allow":["GET"]}}],"collection":[{"href":"https:\/\/switch-co.rs\/sr\/wp-json\/wp\/v2\/pages"}],"about":[{"href":"https:\/\/switch-co.rs\/sr\/wp-json\/wp\/v2\/types\/page"}],"author":[{"embeddable":true,"href":"https:\/\/switch-co.rs\/sr\/wp-json\/wp\/v2\/users\/2"}],"replies":[{"embeddable":true,"href":"https:\/\/switch-co.rs\/sr\/wp-json\/wp\/v2\/comments?post=988827"}],"version-history":[{"count":3,"href":"https:\/\/switch-co.rs\/sr\/wp-json\/wp\/v2\/pages\/988827\/revisions"}],"predecessor-version":[{"id":988830,"href":"https:\/\/switch-co.rs\/sr\/wp-json\/wp\/v2\/pages\/988827\/revisions\/988830"}],"wp:attachment":[{"href":"https:\/\/switch-co.rs\/sr\/wp-json\/wp\/v2\/media?parent=988827"}],"curies":[{"name":"wp","href":"https:\/\/api.w.org\/{rel}","templated":true}]}}