{"id":988831,"date":"2024-04-27T08:12:46","date_gmt":"2024-04-27T08:12:46","guid":{"rendered":"https:\/\/backspace.agency\/switchco\/davit-norway\/"},"modified":"2024-05-16T16:44:48","modified_gmt":"2024-05-16T16:44:48","slug":"davit-norway","status":"publish","type":"page","link":"https:\/\/switch-co.rs\/sr\/davit-norway\/","title":{"rendered":"DAVIT Norway"},"content":{"rendered":"\t\t<div data-elementor-type=\"wp-page\" data-elementor-id=\"988831\" class=\"elementor elementor-988831 elementor-988689\" data-elementor-post-type=\"page\">\n\t\t\t\t<div class=\"elementor-element elementor-element-43d77cf6 e-flex e-con-boxed e-con e-parent\" data-id=\"43d77cf6\" data-element_type=\"container\" data-e-type=\"container\" data-settings=\"{&quot;background_background&quot;:&quot;classic&quot;,&quot;shape_divider_bottom&quot;:&quot;triangle&quot;}\">\n\t\t\t\t\t<div class=\"e-con-inner\">\n\t\t\t\t<div class=\"elementor-shape elementor-shape-bottom\" aria-hidden=\"true\" data-negative=\"false\">\n\t\t\t<svg xmlns=\"http:\/\/www.w3.org\/2000\/svg\" viewBox=\"0 0 1000 100\" preserveAspectRatio=\"none\">\n\t<path class=\"elementor-shape-fill\" d=\"M500,98.9L0,6.1V0h1000v6.1L500,98.9z\"\/>\n<\/svg>\t\t<\/div>\n\t\t<div class=\"elementor-element elementor-element-df4b1dd e-flex e-con-boxed e-con e-child\" data-id=\"df4b1dd\" data-element_type=\"container\" data-e-type=\"container\">\n\t\t\t\t\t<div class=\"e-con-inner\">\n\t\t\t\t<div class=\"elementor-element elementor-element-755c826e elementor-widget elementor-widget-heading\" data-id=\"755c826e\" data-element_type=\"widget\" data-e-type=\"widget\" data-widget_type=\"heading.default\">\n\t\t\t\t<div class=\"elementor-widget-container\">\n\t\t\t\t\t<h2 class=\"elementor-heading-title elementor-size-default\">PORTFOLIO<\/h2>\t\t\t\t<\/div>\n\t\t\t\t<\/div>\n\t\t\t\t<div class=\"elementor-element elementor-element-f1fad62 elementor-widget elementor-widget-heading\" data-id=\"f1fad62\" data-element_type=\"widget\" data-e-type=\"widget\" data-widget_type=\"heading.default\">\n\t\t\t\t<div class=\"elementor-widget-container\">\n\t\t\t\t\t<h1 class=\"elementor-heading-title elementor-size-default\">Vestdavit Norve\u0161ka\n<\/h1>\t\t\t\t<\/div>\n\t\t\t\t<\/div>\n\t\t\t\t<div class=\"elementor-element elementor-element-4a5197b8 elementor-widget elementor-widget-text-editor\" data-id=\"4a5197b8\" data-element_type=\"widget\" data-e-type=\"widget\" data-widget_type=\"text-editor.default\">\n\t\t\t\t<div class=\"elementor-widget-container\">\n\t\t\t\t\t\t\t\t\tOsnovan 1975. godine u Bergenu, Norve\u0161ka, na obali Severnog mora, Vestdavit je dobio ime po regionu u kojem se nalazi, Vestlandet, i prepoznatljivom proizvodu po kojem je poznat, davit.\n\t\t\t\t\t\t\t\t<\/div>\n\t\t\t\t<\/div>\n\t\t\t\t\t<\/div>\n\t\t\t\t<\/div>\n\t\t\t\t\t<\/div>\n\t\t\t\t<\/div>\n\t\t<div class=\"elementor-element elementor-element-5d8b94ad e-flex e-con-boxed e-con e-parent\" data-id=\"5d8b94ad\" data-element_type=\"container\" data-e-type=\"container\">\n\t\t\t\t\t<div class=\"e-con-inner\">\n\t\t<div class=\"elementor-element elementor-element-1205b465 e-flex e-con-boxed e-con e-child\" data-id=\"1205b465\" data-element_type=\"container\" data-e-type=\"container\">\n\t\t\t\t\t<div class=\"e-con-inner\">\n\t\t<div class=\"elementor-element elementor-element-662dafba e-flex e-con-boxed e-con e-child\" data-id=\"662dafba\" data-element_type=\"container\" data-e-type=\"container\">\n\t\t\t\t\t<div class=\"e-con-inner\">\n\t\t<div class=\"elementor-element elementor-element-33ab5603 e-flex e-con-boxed e-con e-child\" data-id=\"33ab5603\" data-element_type=\"container\" data-e-type=\"container\">\n\t\t\t\t\t<div class=\"e-con-inner\">\n\t\t\t\t<div class=\"elementor-element elementor-element-77d26cec elementor-widget elementor-widget-heading\" data-id=\"77d26cec\" data-element_type=\"widget\" data-e-type=\"widget\" data-widget_type=\"heading.default\">\n\t\t\t\t<div class=\"elementor-widget-container\">\n\t\t\t\t\t<h2 class=\"elementor-heading-title elementor-size-default\">Treba da znate\n<\/h2>\t\t\t\t<\/div>\n\t\t\t\t<\/div>\n\t\t\t\t<div class=\"elementor-element elementor-element-e4150ae elementor-widget elementor-widget-text-editor\" data-id=\"e4150ae\" data-element_type=\"widget\" data-e-type=\"widget\" data-widget_type=\"text-editor.default\">\n\t\t\t\t<div class=\"elementor-widget-container\">\n\t\t\t\t\t\t\t\t\tSa\u017eeli smo osnovne informacije o proizvodima, re\u0161enjima i uslugama za ovog klijenta.\n\n\t\t\t\t\t\t\t\t<\/div>\n\t\t\t\t<\/div>\n\t\t\t\t<div class=\"elementor-element elementor-element-5fd6f27a elementor-widget elementor-widget-image\" data-id=\"5fd6f27a\" data-element_type=\"widget\" data-e-type=\"widget\" data-widget_type=\"image.default\">\n\t\t\t\t<div class=\"elementor-widget-container\">\n\t\t\t\t\t\t\t\t\t\t\t\t\t\t\t<img fetchpriority=\"high\" decoding=\"async\" width=\"772\" height=\"256\" src=\"https:\/\/switch-co.rs\/wp-content\/uploads\/2024\/04\/vestdavit_logo_horiz_colored_text_256.png\" class=\"attachment-large size-large wp-image-988698\" alt=\"\" srcset=\"https:\/\/switch-co.rs\/wp-content\/uploads\/2024\/04\/vestdavit_logo_horiz_colored_text_256.png 772w, https:\/\/switch-co.rs\/wp-content\/uploads\/2024\/04\/vestdavit_logo_horiz_colored_text_256-300x99.png 300w, https:\/\/switch-co.rs\/wp-content\/uploads\/2024\/04\/vestdavit_logo_horiz_colored_text_256-768x255.png 768w\" sizes=\"(max-width: 772px) 100vw, 772px\" \/>\t\t\t\t\t\t\t\t\t\t\t\t\t\t\t<\/div>\n\t\t\t\t<\/div>\n\t\t\t\t\t<\/div>\n\t\t\t\t<\/div>\n\t\t<div class=\"elementor-element elementor-element-2e4a9f8a e-flex e-con-boxed e-con e-child\" data-id=\"2e4a9f8a\" data-element_type=\"container\" data-e-type=\"container\">\n\t\t\t\t\t<div class=\"e-con-inner\">\n\t\t\t\t<div class=\"elementor-element elementor-element-466c48c5 elementor-widget elementor-widget-image\" data-id=\"466c48c5\" data-element_type=\"widget\" data-e-type=\"widget\" data-widget_type=\"image.default\">\n\t\t\t\t<div class=\"elementor-widget-container\">\n\t\t\t\t\t\t\t\t\t\t\t\t\t\t\t\t<a href=\"https:\/\/switch-co.rs\/wp-content\/uploads\/2024\/04\/image_9082ab09-7e65-4b5f-9ee7-e5b2e7f29b2820191101_174136.jpg\" data-elementor-open-lightbox=\"yes\" data-e-action-hash=\"#elementor-action%3Aaction%3Dlightbox%26settings%3DeyJpZCI6OTg4NzAwLCJ1cmwiOiJodHRwczpcL1wvc3dpdGNoLWNvLnJzXC93cC1jb250ZW50XC91cGxvYWRzXC8yMDI0XC8wNFwvaW1hZ2VfOTA4MmFiMDktN2U2NS00YjVmLTllZTctZTViMmU3ZjI5YjI4MjAxOTExMDFfMTc0MTM2LmpwZyJ9\">\n\t\t\t\t\t\t\t<img decoding=\"async\" width=\"540\" height=\"540\" src=\"https:\/\/switch-co.rs\/wp-content\/uploads\/2024\/04\/image_9082ab09-7e65-4b5f-9ee7-e5b2e7f29b2820191101_174136.jpg\" class=\"attachment-full size-full wp-image-988700\" alt=\"\" srcset=\"https:\/\/switch-co.rs\/wp-content\/uploads\/2024\/04\/image_9082ab09-7e65-4b5f-9ee7-e5b2e7f29b2820191101_174136.jpg 540w, https:\/\/switch-co.rs\/wp-content\/uploads\/2024\/04\/image_9082ab09-7e65-4b5f-9ee7-e5b2e7f29b2820191101_174136-300x300.jpg 300w, https:\/\/switch-co.rs\/wp-content\/uploads\/2024\/04\/image_9082ab09-7e65-4b5f-9ee7-e5b2e7f29b2820191101_174136-150x150.jpg 150w\" sizes=\"(max-width: 540px) 100vw, 540px\" \/>\t\t\t\t\t\t\t\t<\/a>\n\t\t\t\t\t\t\t\t\t\t\t\t\t\t\t<\/div>\n\t\t\t\t<\/div>\n\t\t\t\t\t<\/div>\n\t\t\t\t<\/div>\n\t\t\t\t\t<\/div>\n\t\t\t\t<\/div>\n\t\t\t\t<div class=\"elementor-element elementor-element-e06dd88 elementor-widget elementor-widget-text-editor\" data-id=\"e06dd88\" data-element_type=\"widget\" data-e-type=\"widget\" data-widget_type=\"text-editor.default\">\n\t\t\t\t<div class=\"elementor-widget-container\">\n\t\t\t\t\t\t\t\t\t<h3>Zahtevi klijenta<\/h3>\nZahtev klijenta bio je da se napravi DAVIT (konzolni nosa\u010d) za brzo izbacivanje \u010damca za spasavanje sa obale ili sa te\u0161kog broda. Uslovi su bili da konstrukcija bude teleskopska (kako bi se prilagodila situacijama), sa mogu\u0107no\u0161\u0107u pode\u0161avanja du\u017eine. Amortizer na to\u010dku koji apsorbuje vibracije u\u017eeta. Cilindri koji su dimenzionisani tako da mogu da pomeraju teret oko ta\u010dke na trajektoriji vrednoj 4 tone.\n\n<h3>Studija slu\u010daja<\/h3>\nPosle svih dimenzionisanja, ura\u0111en je FEA proracun (analiza Kona\u010dnih elemenata) konstrukcije, da se utvrdi da konstrukcija ispunjava sve zahteve. BOM (Sastavnica) i tehni\u010dka dokumentacija su ra\u0111eni nakon finalne verzije konstrukcije.\t\t\t\t\t\t\t\t<\/div>\n\t\t\t\t<\/div>\n\t\t<div class=\"elementor-element elementor-element-620b1b8b e-flex e-con-boxed e-con e-child\" data-id=\"620b1b8b\" data-element_type=\"container\" data-e-type=\"container\">\n\t\t\t\t\t<div class=\"e-con-inner\">\n\t\t\t\t<div class=\"elementor-element elementor-element-f08bd4e elementor-widget elementor-widget-gallery\" data-id=\"f08bd4e\" data-element_type=\"widget\" data-e-type=\"widget\" data-settings=\"{&quot;aspect_ratio&quot;:&quot;1:1&quot;,&quot;lazyload&quot;:&quot;yes&quot;,&quot;gallery_layout&quot;:&quot;grid&quot;,&quot;columns&quot;:4,&quot;columns_tablet&quot;:2,&quot;columns_mobile&quot;:1,&quot;gap&quot;:{&quot;unit&quot;:&quot;px&quot;,&quot;size&quot;:10,&quot;sizes&quot;:[]},&quot;gap_tablet&quot;:{&quot;unit&quot;:&quot;px&quot;,&quot;size&quot;:10,&quot;sizes&quot;:[]},&quot;gap_mobile&quot;:{&quot;unit&quot;:&quot;px&quot;,&quot;size&quot;:10,&quot;sizes&quot;:[]},&quot;link_to&quot;:&quot;file&quot;,&quot;overlay_background&quot;:&quot;yes&quot;,&quot;content_hover_animation&quot;:&quot;fade-in&quot;}\" data-widget_type=\"gallery.default\">\n\t\t\t\t<div class=\"elementor-widget-container\">\n\t\t\t\t\t\t\t<div class=\"elementor-gallery__container\">\n\t\t\t\t\t\t\t<a class=\"e-gallery-item elementor-gallery-item elementor-animated-content\" href=\"https:\/\/switch-co.rs\/wp-content\/uploads\/2024\/04\/image_6cd1de0a-3542-4818-bf25-c089315fab5720191101_174158.jpg\" data-elementor-open-lightbox=\"yes\" data-elementor-lightbox-slideshow=\"f08bd4e\" data-e-action-hash=\"#elementor-action%3Aaction%3Dlightbox%26settings%3DeyJpZCI6OTg4NzAyLCJ1cmwiOiJodHRwczpcL1wvc3dpdGNoLWNvLnJzXC93cC1jb250ZW50XC91cGxvYWRzXC8yMDI0XC8wNFwvaW1hZ2VfNmNkMWRlMGEtMzU0Mi00ODE4LWJmMjUtYzA4OTMxNWZhYjU3MjAxOTExMDFfMTc0MTU4LmpwZyIsInNsaWRlc2hvdyI6ImYwOGJkNGUifQ%3D%3D\">\n\t\t\t\t\t<div class=\"e-gallery-image elementor-gallery-item__image\" data-thumbnail=\"https:\/\/switch-co.rs\/wp-content\/uploads\/2024\/04\/image_6cd1de0a-3542-4818-bf25-c089315fab5720191101_174158.jpg\" data-width=\"540\" data-height=\"540\" aria-label=\"\" role=\"img\" ><\/div>\n\t\t\t\t\t\t\t\t\t\t\t<div class=\"elementor-gallery-item__overlay\"><\/div>\n\t\t\t\t\t\t\t\t\t\t\t\t\t\t<\/a>\n\t\t\t\t\t\t\t<a class=\"e-gallery-item elementor-gallery-item elementor-animated-content\" href=\"https:\/\/switch-co.rs\/wp-content\/uploads\/2024\/04\/image_9082ab09-7e65-4b5f-9ee7-e5b2e7f29b2820191101_174136-1.jpg\" data-elementor-open-lightbox=\"yes\" data-elementor-lightbox-slideshow=\"f08bd4e\" data-e-action-hash=\"#elementor-action%3Aaction%3Dlightbox%26settings%3DeyJpZCI6OTg4NzA0LCJ1cmwiOiJodHRwczpcL1wvc3dpdGNoLWNvLnJzXC93cC1jb250ZW50XC91cGxvYWRzXC8yMDI0XC8wNFwvaW1hZ2VfOTA4MmFiMDktN2U2NS00YjVmLTllZTctZTViMmU3ZjI5YjI4MjAxOTExMDFfMTc0MTM2LTEuanBnIiwic2xpZGVzaG93IjoiZjA4YmQ0ZSJ9\">\n\t\t\t\t\t<div class=\"e-gallery-image elementor-gallery-item__image\" data-thumbnail=\"https:\/\/switch-co.rs\/wp-content\/uploads\/2024\/04\/image_9082ab09-7e65-4b5f-9ee7-e5b2e7f29b2820191101_174136-1.jpg\" data-width=\"540\" data-height=\"540\" aria-label=\"\" role=\"img\" ><\/div>\n\t\t\t\t\t\t\t\t\t\t\t<div class=\"elementor-gallery-item__overlay\"><\/div>\n\t\t\t\t\t\t\t\t\t\t\t\t\t\t<\/a>\n\t\t\t\t\t\t\t<a class=\"e-gallery-item elementor-gallery-item elementor-animated-content\" href=\"https:\/\/switch-co.rs\/wp-content\/uploads\/2024\/04\/image_2055e780-3e07-403f-9398-b6d0d0cfa58a20191101_174130.jpg\" data-elementor-open-lightbox=\"yes\" data-elementor-lightbox-slideshow=\"f08bd4e\" data-e-action-hash=\"#elementor-action%3Aaction%3Dlightbox%26settings%3DeyJpZCI6OTg4NzA2LCJ1cmwiOiJodHRwczpcL1wvc3dpdGNoLWNvLnJzXC93cC1jb250ZW50XC91cGxvYWRzXC8yMDI0XC8wNFwvaW1hZ2VfMjA1NWU3ODAtM2UwNy00MDNmLTkzOTgtYjZkMGQwY2ZhNThhMjAxOTExMDFfMTc0MTMwLmpwZyIsInNsaWRlc2hvdyI6ImYwOGJkNGUifQ%3D%3D\">\n\t\t\t\t\t<div class=\"e-gallery-image elementor-gallery-item__image\" data-thumbnail=\"https:\/\/switch-co.rs\/wp-content\/uploads\/2024\/04\/image_2055e780-3e07-403f-9398-b6d0d0cfa58a20191101_174130.jpg\" data-width=\"540\" data-height=\"540\" aria-label=\"\" role=\"img\" ><\/div>\n\t\t\t\t\t\t\t\t\t\t\t<div class=\"elementor-gallery-item__overlay\"><\/div>\n\t\t\t\t\t\t\t\t\t\t\t\t\t\t<\/a>\n\t\t\t\t\t\t\t<a class=\"e-gallery-item elementor-gallery-item elementor-animated-content\" href=\"https:\/\/switch-co.rs\/wp-content\/uploads\/2024\/04\/image_2faa078d-114d-44ab-b6ed-dc7528e33e0320191101_174145.jpg\" data-elementor-open-lightbox=\"yes\" data-elementor-lightbox-slideshow=\"f08bd4e\" data-e-action-hash=\"#elementor-action%3Aaction%3Dlightbox%26settings%3DeyJpZCI6OTg4NzA4LCJ1cmwiOiJodHRwczpcL1wvc3dpdGNoLWNvLnJzXC93cC1jb250ZW50XC91cGxvYWRzXC8yMDI0XC8wNFwvaW1hZ2VfMmZhYTA3OGQtMTE0ZC00NGFiLWI2ZWQtZGM3NTI4ZTMzZTAzMjAxOTExMDFfMTc0MTQ1LmpwZyIsInNsaWRlc2hvdyI6ImYwOGJkNGUifQ%3D%3D\">\n\t\t\t\t\t<div class=\"e-gallery-image elementor-gallery-item__image\" data-thumbnail=\"https:\/\/switch-co.rs\/wp-content\/uploads\/2024\/04\/image_2faa078d-114d-44ab-b6ed-dc7528e33e0320191101_174145.jpg\" data-width=\"540\" data-height=\"540\" aria-label=\"\" role=\"img\" ><\/div>\n\t\t\t\t\t\t\t\t\t\t\t<div class=\"elementor-gallery-item__overlay\"><\/div>\n\t\t\t\t\t\t\t\t\t\t\t\t\t\t<\/a>\n\t\t\t\t\t<\/div>\n\t\t\t\t\t<\/div>\n\t\t\t\t<\/div>\n\t\t\t\t\t<\/div>\n\t\t\t\t<\/div>\n\t\t\t\t\t<\/div>\n\t\t\t\t<\/div>\n\t\t\t\t\t<\/div>\n\t\t\t\t<\/div>\n\t\t\t\t<\/div>\n\t\t","protected":false},"excerpt":{"rendered":"<p>PORTFOLIO Vestdavit Norve\u0161ka Osnovan 1975. godine u Bergenu, Norve\u0161ka, na obali Severnog mora, Vestdavit je dobio ime po regionu u kojem se nalazi, Vestlandet, i prepoznatljivom proizvodu po kojem je poznat, davit. Treba da znate Sa\u017eeli smo osnovne informacije o proizvodima, re\u0161enjima i uslugama za ovog klijenta. Zahtevi klijenta Zahtev klijenta bio je da se [&hellip;]<\/p>\n","protected":false},"author":2,"featured_media":0,"parent":0,"menu_order":0,"comment_status":"closed","ping_status":"closed","template":"elementor_header_footer","meta":{"om_disable_all_campaigns":false,"_monsterinsights_skip_tracking":false,"_monsterinsights_sitenote_active":false,"_monsterinsights_sitenote_note":"","_monsterinsights_sitenote_category":0,"_uf_show_specific_survey":0,"_uf_disable_surveys":false,"footnotes":""},"class_list":["post-988831","page","type-page","status-publish","hentry"],"aioseo_notices":[],"yoast_head":"<!-- This site is optimized with the Yoast SEO plugin v27.4 - https:\/\/yoast.com\/product\/yoast-seo-wordpress\/ -->\n<title>DAVIT Norway - Switch Co<\/title>\n<meta name=\"robots\" content=\"index, follow, max-snippet:-1, max-image-preview:large, max-video-preview:-1\" \/>\n<link rel=\"canonical\" href=\"https:\/\/switch-co.rs\/sr\/davit-norway\/\" \/>\n<meta property=\"og:locale\" content=\"sr_RS\" \/>\n<meta property=\"og:type\" content=\"article\" \/>\n<meta property=\"og:title\" content=\"DAVIT Norway - Switch Co\" \/>\n<meta property=\"og:description\" content=\"PORTFOLIO Vestdavit Norve\u0161ka Osnovan 1975. godine u Bergenu, Norve\u0161ka, na obali Severnog mora, Vestdavit je dobio ime po regionu u kojem se nalazi, Vestlandet, i prepoznatljivom proizvodu po kojem je poznat, davit. Treba da znate Sa\u017eeli smo osnovne informacije o proizvodima, re\u0161enjima i uslugama za ovog klijenta. Zahtevi klijenta Zahtev klijenta bio je da se [&hellip;]\" \/>\n<meta property=\"og:url\" content=\"https:\/\/switch-co.rs\/sr\/davit-norway\/\" \/>\n<meta property=\"og:site_name\" content=\"Switch Co\" \/>\n<meta property=\"article:modified_time\" content=\"2024-05-16T16:44:48+00:00\" \/>\n<meta property=\"og:image\" content=\"https:\/\/switch-co.rs\/wp-content\/uploads\/2024\/04\/vestdavit_logo_horiz_colored_text_256.png\" \/>\n<meta name=\"twitter:card\" content=\"summary_large_image\" \/>\n<meta name=\"twitter:label1\" content=\"\u041f\u0440\u043e\u0446\u0435\u045a\u0435\u043d\u043e \u0432\u0440\u0435\u043c\u0435 \u0447\u0438\u0442\u0430\u045a\u0430\" \/>\n\t<meta name=\"twitter:data1\" content=\"1 \u043c\u0438\u043d\u0443\u0442\" \/>\n<script type=\"application\/ld+json\" class=\"yoast-schema-graph\">{\"@context\":\"https:\\\/\\\/schema.org\",\"@graph\":[{\"@type\":\"WebPage\",\"@id\":\"https:\\\/\\\/switch-co.rs\\\/sr\\\/davit-norway\\\/\",\"url\":\"https:\\\/\\\/switch-co.rs\\\/sr\\\/davit-norway\\\/\",\"name\":\"DAVIT Norway - Switch Co\",\"isPartOf\":{\"@id\":\"https:\\\/\\\/switch-co.rs\\\/#website\"},\"primaryImageOfPage\":{\"@id\":\"https:\\\/\\\/switch-co.rs\\\/sr\\\/davit-norway\\\/#primaryimage\"},\"image\":{\"@id\":\"https:\\\/\\\/switch-co.rs\\\/sr\\\/davit-norway\\\/#primaryimage\"},\"thumbnailUrl\":\"https:\\\/\\\/switch-co.rs\\\/wp-content\\\/uploads\\\/2024\\\/04\\\/vestdavit_logo_horiz_colored_text_256.png\",\"datePublished\":\"2024-04-27T08:12:46+00:00\",\"dateModified\":\"2024-05-16T16:44:48+00:00\",\"breadcrumb\":{\"@id\":\"https:\\\/\\\/switch-co.rs\\\/sr\\\/davit-norway\\\/#breadcrumb\"},\"inLanguage\":\"sr-RS\",\"potentialAction\":[{\"@type\":\"ReadAction\",\"target\":[\"https:\\\/\\\/switch-co.rs\\\/sr\\\/davit-norway\\\/\"]}]},{\"@type\":\"ImageObject\",\"inLanguage\":\"sr-RS\",\"@id\":\"https:\\\/\\\/switch-co.rs\\\/sr\\\/davit-norway\\\/#primaryimage\",\"url\":\"https:\\\/\\\/switch-co.rs\\\/wp-content\\\/uploads\\\/2024\\\/04\\\/vestdavit_logo_horiz_colored_text_256.png\",\"contentUrl\":\"https:\\\/\\\/switch-co.rs\\\/wp-content\\\/uploads\\\/2024\\\/04\\\/vestdavit_logo_horiz_colored_text_256.png\"},{\"@type\":\"BreadcrumbList\",\"@id\":\"https:\\\/\\\/switch-co.rs\\\/sr\\\/davit-norway\\\/#breadcrumb\",\"itemListElement\":[{\"@type\":\"ListItem\",\"position\":1,\"name\":\"Home\",\"item\":\"https:\\\/\\\/switch-co.rs\\\/sr\\\/\"},{\"@type\":\"ListItem\",\"position\":2,\"name\":\"DAVIT Norway\"}]},{\"@type\":\"WebSite\",\"@id\":\"https:\\\/\\\/switch-co.rs\\\/#website\",\"url\":\"https:\\\/\\\/switch-co.rs\\\/\",\"name\":\"Switch Co\",\"description\":\"\",\"potentialAction\":[{\"@type\":\"SearchAction\",\"target\":{\"@type\":\"EntryPoint\",\"urlTemplate\":\"https:\\\/\\\/switch-co.rs\\\/?s={search_term_string}\"},\"query-input\":{\"@type\":\"PropertyValueSpecification\",\"valueRequired\":true,\"valueName\":\"search_term_string\"}}],\"inLanguage\":\"sr-RS\"}]}<\/script>\n<!-- \/ Yoast SEO plugin. -->","yoast_head_json":{"title":"DAVIT Norway - Switch Co","robots":{"index":"index","follow":"follow","max-snippet":"max-snippet:-1","max-image-preview":"max-image-preview:large","max-video-preview":"max-video-preview:-1"},"canonical":"https:\/\/switch-co.rs\/sr\/davit-norway\/","og_locale":"sr_RS","og_type":"article","og_title":"DAVIT Norway - Switch Co","og_description":"PORTFOLIO Vestdavit Norve\u0161ka Osnovan 1975. godine u Bergenu, Norve\u0161ka, na obali Severnog mora, Vestdavit je dobio ime po regionu u kojem se nalazi, Vestlandet, i prepoznatljivom proizvodu po kojem je poznat, davit. Treba da znate Sa\u017eeli smo osnovne informacije o proizvodima, re\u0161enjima i uslugama za ovog klijenta. Zahtevi klijenta Zahtev klijenta bio je da se [&hellip;]","og_url":"https:\/\/switch-co.rs\/sr\/davit-norway\/","og_site_name":"Switch Co","article_modified_time":"2024-05-16T16:44:48+00:00","og_image":[{"url":"https:\/\/switch-co.rs\/wp-content\/uploads\/2024\/04\/vestdavit_logo_horiz_colored_text_256.png","type":"","width":"","height":""}],"twitter_card":"summary_large_image","twitter_misc":{"\u041f\u0440\u043e\u0446\u0435\u045a\u0435\u043d\u043e \u0432\u0440\u0435\u043c\u0435 \u0447\u0438\u0442\u0430\u045a\u0430":"1 \u043c\u0438\u043d\u0443\u0442"},"schema":{"@context":"https:\/\/schema.org","@graph":[{"@type":"WebPage","@id":"https:\/\/switch-co.rs\/sr\/davit-norway\/","url":"https:\/\/switch-co.rs\/sr\/davit-norway\/","name":"DAVIT Norway - Switch Co","isPartOf":{"@id":"https:\/\/switch-co.rs\/#website"},"primaryImageOfPage":{"@id":"https:\/\/switch-co.rs\/sr\/davit-norway\/#primaryimage"},"image":{"@id":"https:\/\/switch-co.rs\/sr\/davit-norway\/#primaryimage"},"thumbnailUrl":"https:\/\/switch-co.rs\/wp-content\/uploads\/2024\/04\/vestdavit_logo_horiz_colored_text_256.png","datePublished":"2024-04-27T08:12:46+00:00","dateModified":"2024-05-16T16:44:48+00:00","breadcrumb":{"@id":"https:\/\/switch-co.rs\/sr\/davit-norway\/#breadcrumb"},"inLanguage":"sr-RS","potentialAction":[{"@type":"ReadAction","target":["https:\/\/switch-co.rs\/sr\/davit-norway\/"]}]},{"@type":"ImageObject","inLanguage":"sr-RS","@id":"https:\/\/switch-co.rs\/sr\/davit-norway\/#primaryimage","url":"https:\/\/switch-co.rs\/wp-content\/uploads\/2024\/04\/vestdavit_logo_horiz_colored_text_256.png","contentUrl":"https:\/\/switch-co.rs\/wp-content\/uploads\/2024\/04\/vestdavit_logo_horiz_colored_text_256.png"},{"@type":"BreadcrumbList","@id":"https:\/\/switch-co.rs\/sr\/davit-norway\/#breadcrumb","itemListElement":[{"@type":"ListItem","position":1,"name":"Home","item":"https:\/\/switch-co.rs\/sr\/"},{"@type":"ListItem","position":2,"name":"DAVIT Norway"}]},{"@type":"WebSite","@id":"https:\/\/switch-co.rs\/#website","url":"https:\/\/switch-co.rs\/","name":"Switch Co","description":"","potentialAction":[{"@type":"SearchAction","target":{"@type":"EntryPoint","urlTemplate":"https:\/\/switch-co.rs\/?s={search_term_string}"},"query-input":{"@type":"PropertyValueSpecification","valueRequired":true,"valueName":"search_term_string"}}],"inLanguage":"sr-RS"}]}},"_links":{"self":[{"href":"https:\/\/switch-co.rs\/sr\/wp-json\/wp\/v2\/pages\/988831","targetHints":{"allow":["GET"]}}],"collection":[{"href":"https:\/\/switch-co.rs\/sr\/wp-json\/wp\/v2\/pages"}],"about":[{"href":"https:\/\/switch-co.rs\/sr\/wp-json\/wp\/v2\/types\/page"}],"author":[{"embeddable":true,"href":"https:\/\/switch-co.rs\/sr\/wp-json\/wp\/v2\/users\/2"}],"replies":[{"embeddable":true,"href":"https:\/\/switch-co.rs\/sr\/wp-json\/wp\/v2\/comments?post=988831"}],"version-history":[{"count":4,"href":"https:\/\/switch-co.rs\/sr\/wp-json\/wp\/v2\/pages\/988831\/revisions"}],"predecessor-version":[{"id":988836,"href":"https:\/\/switch-co.rs\/sr\/wp-json\/wp\/v2\/pages\/988831\/revisions\/988836"}],"wp:attachment":[{"href":"https:\/\/switch-co.rs\/sr\/wp-json\/wp\/v2\/media?parent=988831"}],"curies":[{"name":"wp","href":"https:\/\/api.w.org\/{rel}","templated":true}]}}