{"id":988838,"date":"2024-04-27T08:29:49","date_gmt":"2024-04-27T08:29:49","guid":{"rendered":"https:\/\/backspace.agency\/switchco\/spomenik-zoranu-djindjicu\/"},"modified":"2024-05-16T16:48:04","modified_gmt":"2024-05-16T16:48:04","slug":"spomenik-zoranu-djindjicu","status":"publish","type":"page","link":"https:\/\/switch-co.rs\/sr\/spomenik-zoranu-djindjicu\/","title":{"rendered":"Spomenik Zoranu \u0110in\u0111i\u0107u"},"content":{"rendered":"\t\t<div data-elementor-type=\"wp-page\" data-elementor-id=\"988838\" class=\"elementor elementor-988838 elementor-988713\" data-elementor-post-type=\"page\">\n\t\t\t\t<div class=\"elementor-element elementor-element-3a61b6a6 e-flex e-con-boxed e-con e-parent\" data-id=\"3a61b6a6\" data-element_type=\"container\" data-e-type=\"container\" data-settings=\"{&quot;background_background&quot;:&quot;classic&quot;,&quot;shape_divider_bottom&quot;:&quot;triangle&quot;}\">\n\t\t\t\t\t<div class=\"e-con-inner\">\n\t\t\t\t<div class=\"elementor-shape elementor-shape-bottom\" aria-hidden=\"true\" data-negative=\"false\">\n\t\t\t<svg xmlns=\"http:\/\/www.w3.org\/2000\/svg\" viewBox=\"0 0 1000 100\" preserveAspectRatio=\"none\">\n\t<path class=\"elementor-shape-fill\" d=\"M500,98.9L0,6.1V0h1000v6.1L500,98.9z\"\/>\n<\/svg>\t\t<\/div>\n\t\t<div class=\"elementor-element elementor-element-376f5a0e e-flex e-con-boxed e-con e-child\" data-id=\"376f5a0e\" data-element_type=\"container\" data-e-type=\"container\">\n\t\t\t\t\t<div class=\"e-con-inner\">\n\t\t\t\t<div class=\"elementor-element elementor-element-2ded7841 elementor-widget elementor-widget-heading\" data-id=\"2ded7841\" data-element_type=\"widget\" data-e-type=\"widget\" data-widget_type=\"heading.default\">\n\t\t\t\t<div class=\"elementor-widget-container\">\n\t\t\t\t\t<h2 class=\"elementor-heading-title elementor-size-default\">PORTFOLIO<\/h2>\t\t\t\t<\/div>\n\t\t\t\t<\/div>\n\t\t\t\t<div class=\"elementor-element elementor-element-345d8140 elementor-widget elementor-widget-heading\" data-id=\"345d8140\" data-element_type=\"widget\" data-e-type=\"widget\" data-widget_type=\"heading.default\">\n\t\t\t\t<div class=\"elementor-widget-container\">\n\t\t\t\t\t<h1 class=\"elementor-heading-title elementor-size-default\">Spomenik Zoranu \u0110in\u0111i\u0107u\n<\/h1>\t\t\t\t<\/div>\n\t\t\t\t<\/div>\n\t\t\t\t<div class=\"elementor-element elementor-element-16cbc4c8 elementor-widget elementor-widget-text-editor\" data-id=\"16cbc4c8\" data-element_type=\"widget\" data-e-type=\"widget\" data-widget_type=\"text-editor.default\">\n\t\t\t\t<div class=\"elementor-widget-container\">\n\t\t\t\t\t\t\t\t\t<p>Glavni grad Srbije.<\/p>\n\t\t\t\t\t\t\t\t<\/div>\n\t\t\t\t<\/div>\n\t\t\t\t\t<\/div>\n\t\t\t\t<\/div>\n\t\t\t\t\t<\/div>\n\t\t\t\t<\/div>\n\t\t<div class=\"elementor-element elementor-element-56967d96 e-flex e-con-boxed e-con e-parent\" data-id=\"56967d96\" data-element_type=\"container\" data-e-type=\"container\">\n\t\t\t\t\t<div class=\"e-con-inner\">\n\t\t<div class=\"elementor-element elementor-element-1ba12b06 e-flex e-con-boxed e-con e-child\" data-id=\"1ba12b06\" data-element_type=\"container\" data-e-type=\"container\">\n\t\t\t\t\t<div class=\"e-con-inner\">\n\t\t<div class=\"elementor-element elementor-element-77abc8f7 e-flex e-con-boxed e-con e-child\" data-id=\"77abc8f7\" data-element_type=\"container\" data-e-type=\"container\">\n\t\t\t\t\t<div class=\"e-con-inner\">\n\t\t<div class=\"elementor-element elementor-element-1e37eac4 e-flex e-con-boxed e-con e-child\" data-id=\"1e37eac4\" data-element_type=\"container\" data-e-type=\"container\">\n\t\t\t\t\t<div class=\"e-con-inner\">\n\t\t\t\t<div class=\"elementor-element elementor-element-531a219 elementor-widget elementor-widget-heading\" data-id=\"531a219\" data-element_type=\"widget\" data-e-type=\"widget\" data-widget_type=\"heading.default\">\n\t\t\t\t<div class=\"elementor-widget-container\">\n\t\t\t\t\t<h2 class=\"elementor-heading-title elementor-size-default\">Treba da znate\n<\/h2>\t\t\t\t<\/div>\n\t\t\t\t<\/div>\n\t\t\t\t<div class=\"elementor-element elementor-element-a9a94db elementor-widget elementor-widget-text-editor\" data-id=\"a9a94db\" data-element_type=\"widget\" data-e-type=\"widget\" data-widget_type=\"text-editor.default\">\n\t\t\t\t<div class=\"elementor-widget-container\">\n\t\t\t\t\t\t\t\t\tSa\u017eeli smo osnovne informacije o proizvodima, re\u0161enjima i uslugama za ovog klijenta.\n\n\t\t\t\t\t\t\t\t<\/div>\n\t\t\t\t<\/div>\n\t\t\t\t<div class=\"elementor-element elementor-element-3f83029a elementor-widget elementor-widget-image\" data-id=\"3f83029a\" data-element_type=\"widget\" data-e-type=\"widget\" data-widget_type=\"image.default\">\n\t\t\t\t<div class=\"elementor-widget-container\">\n\t\t\t\t\t\t\t\t\t\t\t\t\t\t\t<img fetchpriority=\"high\" decoding=\"async\" width=\"474\" height=\"564\" src=\"https:\/\/switch-co.rs\/wp-content\/uploads\/2024\/04\/229d82556e07f8d0c783331460ba4c78.jpeg\" class=\"attachment-large size-large wp-image-988716\" alt=\"\" srcset=\"https:\/\/switch-co.rs\/wp-content\/uploads\/2024\/04\/229d82556e07f8d0c783331460ba4c78.jpeg 474w, https:\/\/switch-co.rs\/wp-content\/uploads\/2024\/04\/229d82556e07f8d0c783331460ba4c78-252x300.jpeg 252w\" sizes=\"(max-width: 474px) 100vw, 474px\" \/>\t\t\t\t\t\t\t\t\t\t\t\t\t\t\t<\/div>\n\t\t\t\t<\/div>\n\t\t\t\t\t<\/div>\n\t\t\t\t<\/div>\n\t\t<div class=\"elementor-element elementor-element-922a7d1 e-flex e-con-boxed e-con e-child\" data-id=\"922a7d1\" data-element_type=\"container\" data-e-type=\"container\">\n\t\t\t\t\t<div class=\"e-con-inner\">\n\t\t\t\t<div class=\"elementor-element elementor-element-7b0a3f10 elementor-widget elementor-widget-image\" data-id=\"7b0a3f10\" data-element_type=\"widget\" data-e-type=\"widget\" data-widget_type=\"image.default\">\n\t\t\t\t<div class=\"elementor-widget-container\">\n\t\t\t\t\t\t\t\t\t\t\t\t\t\t\t\t<a href=\"https:\/\/switch-co.rs\/wp-content\/uploads\/2024\/04\/spomenik_zoranu_djindjicu_prva_nagrada_6.jpg\" data-elementor-open-lightbox=\"yes\" data-e-action-hash=\"#elementor-action%3Aaction%3Dlightbox%26settings%3DeyJpZCI6OTg4NzE4LCJ1cmwiOiJodHRwczpcL1wvc3dpdGNoLWNvLnJzXC93cC1jb250ZW50XC91cGxvYWRzXC8yMDI0XC8wNFwvc3BvbWVuaWtfem9yYW51X2RqaW5kamljdV9wcnZhX25hZ3JhZGFfNi5qcGcifQ%3D%3D\">\n\t\t\t\t\t\t\t<img decoding=\"async\" width=\"1024\" height=\"768\" src=\"https:\/\/switch-co.rs\/wp-content\/uploads\/2024\/04\/spomenik_zoranu_djindjicu_prva_nagrada_6.jpg\" class=\"attachment-full size-full wp-image-988718\" alt=\"\" srcset=\"https:\/\/switch-co.rs\/wp-content\/uploads\/2024\/04\/spomenik_zoranu_djindjicu_prva_nagrada_6.jpg 1024w, https:\/\/switch-co.rs\/wp-content\/uploads\/2024\/04\/spomenik_zoranu_djindjicu_prva_nagrada_6-300x225.jpg 300w, https:\/\/switch-co.rs\/wp-content\/uploads\/2024\/04\/spomenik_zoranu_djindjicu_prva_nagrada_6-768x576.jpg 768w\" sizes=\"(max-width: 1024px) 100vw, 1024px\" \/>\t\t\t\t\t\t\t\t<\/a>\n\t\t\t\t\t\t\t\t\t\t\t\t\t\t\t<\/div>\n\t\t\t\t<\/div>\n\t\t\t\t\t<\/div>\n\t\t\t\t<\/div>\n\t\t\t\t\t<\/div>\n\t\t\t\t<\/div>\n\t\t\t\t<div class=\"elementor-element elementor-element-4c801408 elementor-widget elementor-widget-text-editor\" data-id=\"4c801408\" data-element_type=\"widget\" data-e-type=\"widget\" data-widget_type=\"text-editor.default\">\n\t\t\t\t<div class=\"elementor-widget-container\">\n\t\t\t\t\t\t\t\t\t<h3>Zahtevi klijenta<\/h3>\n<p>Zahtev klijenta bio je da se napravi skulptura od pobolj\u0161anog ner\u0111aju\u0107eg \u010delika u obliku prekinute strele, visoka 6,5 metara i te\u0161ka 3,5 tone, sa konkavnim i konveksnim stranama u \u010dast preminulog Zorana \u0110in\u0111i\u0107a. Staticka prora\u010dunavanja i generalno ceo projekat su organizovani u Autodesk Inventor 2018 softveru. Posebno izazovan deo projekta bio je razvoj merenja konkavnih delova.<\/p>\n<h3>Studija slu\u010daja<\/h3>\n<p>Priprema dokumentacije za se\u010denje na laseru je morala biti savr\u0161eno ura\u0111ena jer smo imali jedan poku\u0161aj. (Materijal je 3 puta skuplji od obi\u010dnog, dolazi is \u0160vedske, \u010deka se 3 meseca). Tehnika zavarivanja nije bila uobi\u010dajena jer je konstrukcija izvedena od prekinutih povr\u0161ina, kroz kanale, koji su morali biti povezani u nepravilne oblike. Kroz samu unutra\u0161njost konstrukcije prolaze kablovi za 2 mikrofona, 4 zvu\u010dnika, kontrolnu kutiju. Te\u017eiste se nalazi na donjem delu konstrukcije i cela konstrukcija je blago nagnuta. Raspodela te\u017eine i oja\u010danja su kroz upotrebu programa omogu\u0107ila da odredimo njihov ta\u010dan polo\u017eaj. Model po projektu treba da bude izlo\u017een na studentskom trgu u Beogradu.<\/p>\n\t\t\t\t\t\t\t\t<\/div>\n\t\t\t\t<\/div>\n\t\t<div class=\"elementor-element elementor-element-9a2daf8 e-flex e-con-boxed e-con e-child\" data-id=\"9a2daf8\" data-element_type=\"container\" data-e-type=\"container\">\n\t\t\t\t\t<div class=\"e-con-inner\">\n\t\t<div class=\"elementor-element elementor-element-f164336 e-flex e-con-boxed e-con e-child\" data-id=\"f164336\" data-element_type=\"container\" data-e-type=\"container\">\n\t\t\t\t\t<div class=\"e-con-inner\">\n\t\t\t\t<div class=\"elementor-element elementor-element-642f313f elementor-widget elementor-widget-image\" data-id=\"642f313f\" data-element_type=\"widget\" data-e-type=\"widget\" data-widget_type=\"image.default\">\n\t\t\t\t<div class=\"elementor-widget-container\">\n\t\t\t\t\t\t\t\t\t\t\t\t\t\t\t<img decoding=\"async\" width=\"1920\" height=\"2560\" src=\"https:\/\/switch-co.rs\/wp-content\/uploads\/2024\/04\/IMG-0800-scaled-1.jpg\" class=\"attachment-full size-full wp-image-988720\" alt=\"\" srcset=\"https:\/\/switch-co.rs\/wp-content\/uploads\/2024\/04\/IMG-0800-scaled-1.jpg 1920w, https:\/\/switch-co.rs\/wp-content\/uploads\/2024\/04\/IMG-0800-scaled-1-225x300.jpg 225w, https:\/\/switch-co.rs\/wp-content\/uploads\/2024\/04\/IMG-0800-scaled-1-768x1024.jpg 768w, https:\/\/switch-co.rs\/wp-content\/uploads\/2024\/04\/IMG-0800-scaled-1-1152x1536.jpg 1152w, https:\/\/switch-co.rs\/wp-content\/uploads\/2024\/04\/IMG-0800-scaled-1-1536x2048.jpg 1536w\" sizes=\"(max-width: 1920px) 100vw, 1920px\" \/>\t\t\t\t\t\t\t\t\t\t\t\t\t\t\t<\/div>\n\t\t\t\t<\/div>\n\t\t\t\t\t<\/div>\n\t\t\t\t<\/div>\n\t\t\t\t\t<\/div>\n\t\t\t\t<\/div>\n\t\t\t\t\t<\/div>\n\t\t\t\t<\/div>\n\t\t\t\t\t<\/div>\n\t\t\t\t<\/div>\n\t\t\t\t<\/div>\n\t\t","protected":false},"excerpt":{"rendered":"<p>PORTFOLIO Spomenik Zoranu \u0110in\u0111i\u0107u Glavni grad Srbije. Treba da znate Sa\u017eeli smo osnovne informacije o proizvodima, re\u0161enjima i uslugama za ovog klijenta. Zahtevi klijenta Zahtev klijenta bio je da se napravi skulptura od pobolj\u0161anog ner\u0111aju\u0107eg \u010delika u obliku prekinute strele, visoka 6,5 metara i te\u0161ka 3,5 tone, sa konkavnim i konveksnim stranama u \u010dast preminulog [&hellip;]<\/p>\n","protected":false},"author":2,"featured_media":0,"parent":0,"menu_order":0,"comment_status":"closed","ping_status":"closed","template":"elementor_header_footer","meta":{"om_disable_all_campaigns":false,"_monsterinsights_skip_tracking":false,"_monsterinsights_sitenote_active":false,"_monsterinsights_sitenote_note":"","_monsterinsights_sitenote_category":0,"_uf_show_specific_survey":0,"_uf_disable_surveys":false,"footnotes":""},"class_list":["post-988838","page","type-page","status-publish","hentry"],"aioseo_notices":[],"yoast_head":"<!-- This site is optimized with the Yoast SEO plugin v27.4 - https:\/\/yoast.com\/product\/yoast-seo-wordpress\/ -->\n<title>Spomenik Zoranu \u0110in\u0111i\u0107u - Switch Co<\/title>\n<meta name=\"robots\" content=\"index, follow, max-snippet:-1, max-image-preview:large, max-video-preview:-1\" \/>\n<link rel=\"canonical\" href=\"https:\/\/switch-co.rs\/sr\/spomenik-zoranu-djindjicu\/\" \/>\n<meta property=\"og:locale\" content=\"sr_RS\" \/>\n<meta property=\"og:type\" content=\"article\" \/>\n<meta property=\"og:title\" content=\"Spomenik Zoranu \u0110in\u0111i\u0107u - Switch Co\" \/>\n<meta property=\"og:description\" content=\"PORTFOLIO Spomenik Zoranu \u0110in\u0111i\u0107u Glavni grad Srbije. Treba da znate Sa\u017eeli smo osnovne informacije o proizvodima, re\u0161enjima i uslugama za ovog klijenta. Zahtevi klijenta Zahtev klijenta bio je da se napravi skulptura od pobolj\u0161anog ner\u0111aju\u0107eg \u010delika u obliku prekinute strele, visoka 6,5 metara i te\u0161ka 3,5 tone, sa konkavnim i konveksnim stranama u \u010dast preminulog [&hellip;]\" \/>\n<meta property=\"og:url\" content=\"https:\/\/switch-co.rs\/sr\/spomenik-zoranu-djindjicu\/\" \/>\n<meta property=\"og:site_name\" content=\"Switch Co\" \/>\n<meta property=\"article:modified_time\" content=\"2024-05-16T16:48:04+00:00\" \/>\n<meta property=\"og:image\" content=\"https:\/\/switch-co.rs\/wp-content\/uploads\/2024\/04\/229d82556e07f8d0c783331460ba4c78.jpeg\" \/>\n<meta name=\"twitter:card\" content=\"summary_large_image\" \/>\n<meta name=\"twitter:label1\" content=\"\u041f\u0440\u043e\u0446\u0435\u045a\u0435\u043d\u043e \u0432\u0440\u0435\u043c\u0435 \u0447\u0438\u0442\u0430\u045a\u0430\" \/>\n\t<meta name=\"twitter:data1\" content=\"1 \u043c\u0438\u043d\u0443\u0442\" \/>\n<script type=\"application\/ld+json\" class=\"yoast-schema-graph\">{\"@context\":\"https:\\\/\\\/schema.org\",\"@graph\":[{\"@type\":\"WebPage\",\"@id\":\"https:\\\/\\\/switch-co.rs\\\/sr\\\/spomenik-zoranu-djindjicu\\\/\",\"url\":\"https:\\\/\\\/switch-co.rs\\\/sr\\\/spomenik-zoranu-djindjicu\\\/\",\"name\":\"Spomenik Zoranu \u0110in\u0111i\u0107u - Switch Co\",\"isPartOf\":{\"@id\":\"https:\\\/\\\/switch-co.rs\\\/#website\"},\"primaryImageOfPage\":{\"@id\":\"https:\\\/\\\/switch-co.rs\\\/sr\\\/spomenik-zoranu-djindjicu\\\/#primaryimage\"},\"image\":{\"@id\":\"https:\\\/\\\/switch-co.rs\\\/sr\\\/spomenik-zoranu-djindjicu\\\/#primaryimage\"},\"thumbnailUrl\":\"https:\\\/\\\/switch-co.rs\\\/wp-content\\\/uploads\\\/2024\\\/04\\\/229d82556e07f8d0c783331460ba4c78.jpeg\",\"datePublished\":\"2024-04-27T08:29:49+00:00\",\"dateModified\":\"2024-05-16T16:48:04+00:00\",\"breadcrumb\":{\"@id\":\"https:\\\/\\\/switch-co.rs\\\/sr\\\/spomenik-zoranu-djindjicu\\\/#breadcrumb\"},\"inLanguage\":\"sr-RS\",\"potentialAction\":[{\"@type\":\"ReadAction\",\"target\":[\"https:\\\/\\\/switch-co.rs\\\/sr\\\/spomenik-zoranu-djindjicu\\\/\"]}]},{\"@type\":\"ImageObject\",\"inLanguage\":\"sr-RS\",\"@id\":\"https:\\\/\\\/switch-co.rs\\\/sr\\\/spomenik-zoranu-djindjicu\\\/#primaryimage\",\"url\":\"https:\\\/\\\/switch-co.rs\\\/wp-content\\\/uploads\\\/2024\\\/04\\\/229d82556e07f8d0c783331460ba4c78.jpeg\",\"contentUrl\":\"https:\\\/\\\/switch-co.rs\\\/wp-content\\\/uploads\\\/2024\\\/04\\\/229d82556e07f8d0c783331460ba4c78.jpeg\"},{\"@type\":\"BreadcrumbList\",\"@id\":\"https:\\\/\\\/switch-co.rs\\\/sr\\\/spomenik-zoranu-djindjicu\\\/#breadcrumb\",\"itemListElement\":[{\"@type\":\"ListItem\",\"position\":1,\"name\":\"Home\",\"item\":\"https:\\\/\\\/switch-co.rs\\\/sr\\\/\"},{\"@type\":\"ListItem\",\"position\":2,\"name\":\"Spomenik Zoranu \u0110in\u0111i\u0107u\"}]},{\"@type\":\"WebSite\",\"@id\":\"https:\\\/\\\/switch-co.rs\\\/#website\",\"url\":\"https:\\\/\\\/switch-co.rs\\\/\",\"name\":\"Switch Co\",\"description\":\"\",\"potentialAction\":[{\"@type\":\"SearchAction\",\"target\":{\"@type\":\"EntryPoint\",\"urlTemplate\":\"https:\\\/\\\/switch-co.rs\\\/?s={search_term_string}\"},\"query-input\":{\"@type\":\"PropertyValueSpecification\",\"valueRequired\":true,\"valueName\":\"search_term_string\"}}],\"inLanguage\":\"sr-RS\"}]}<\/script>\n<!-- \/ Yoast SEO plugin. -->","yoast_head_json":{"title":"Spomenik Zoranu \u0110in\u0111i\u0107u - Switch Co","robots":{"index":"index","follow":"follow","max-snippet":"max-snippet:-1","max-image-preview":"max-image-preview:large","max-video-preview":"max-video-preview:-1"},"canonical":"https:\/\/switch-co.rs\/sr\/spomenik-zoranu-djindjicu\/","og_locale":"sr_RS","og_type":"article","og_title":"Spomenik Zoranu \u0110in\u0111i\u0107u - Switch Co","og_description":"PORTFOLIO Spomenik Zoranu \u0110in\u0111i\u0107u Glavni grad Srbije. Treba da znate Sa\u017eeli smo osnovne informacije o proizvodima, re\u0161enjima i uslugama za ovog klijenta. Zahtevi klijenta Zahtev klijenta bio je da se napravi skulptura od pobolj\u0161anog ner\u0111aju\u0107eg \u010delika u obliku prekinute strele, visoka 6,5 metara i te\u0161ka 3,5 tone, sa konkavnim i konveksnim stranama u \u010dast preminulog [&hellip;]","og_url":"https:\/\/switch-co.rs\/sr\/spomenik-zoranu-djindjicu\/","og_site_name":"Switch Co","article_modified_time":"2024-05-16T16:48:04+00:00","og_image":[{"url":"https:\/\/switch-co.rs\/wp-content\/uploads\/2024\/04\/229d82556e07f8d0c783331460ba4c78.jpeg","type":"","width":"","height":""}],"twitter_card":"summary_large_image","twitter_misc":{"\u041f\u0440\u043e\u0446\u0435\u045a\u0435\u043d\u043e \u0432\u0440\u0435\u043c\u0435 \u0447\u0438\u0442\u0430\u045a\u0430":"1 \u043c\u0438\u043d\u0443\u0442"},"schema":{"@context":"https:\/\/schema.org","@graph":[{"@type":"WebPage","@id":"https:\/\/switch-co.rs\/sr\/spomenik-zoranu-djindjicu\/","url":"https:\/\/switch-co.rs\/sr\/spomenik-zoranu-djindjicu\/","name":"Spomenik Zoranu \u0110in\u0111i\u0107u - Switch Co","isPartOf":{"@id":"https:\/\/switch-co.rs\/#website"},"primaryImageOfPage":{"@id":"https:\/\/switch-co.rs\/sr\/spomenik-zoranu-djindjicu\/#primaryimage"},"image":{"@id":"https:\/\/switch-co.rs\/sr\/spomenik-zoranu-djindjicu\/#primaryimage"},"thumbnailUrl":"https:\/\/switch-co.rs\/wp-content\/uploads\/2024\/04\/229d82556e07f8d0c783331460ba4c78.jpeg","datePublished":"2024-04-27T08:29:49+00:00","dateModified":"2024-05-16T16:48:04+00:00","breadcrumb":{"@id":"https:\/\/switch-co.rs\/sr\/spomenik-zoranu-djindjicu\/#breadcrumb"},"inLanguage":"sr-RS","potentialAction":[{"@type":"ReadAction","target":["https:\/\/switch-co.rs\/sr\/spomenik-zoranu-djindjicu\/"]}]},{"@type":"ImageObject","inLanguage":"sr-RS","@id":"https:\/\/switch-co.rs\/sr\/spomenik-zoranu-djindjicu\/#primaryimage","url":"https:\/\/switch-co.rs\/wp-content\/uploads\/2024\/04\/229d82556e07f8d0c783331460ba4c78.jpeg","contentUrl":"https:\/\/switch-co.rs\/wp-content\/uploads\/2024\/04\/229d82556e07f8d0c783331460ba4c78.jpeg"},{"@type":"BreadcrumbList","@id":"https:\/\/switch-co.rs\/sr\/spomenik-zoranu-djindjicu\/#breadcrumb","itemListElement":[{"@type":"ListItem","position":1,"name":"Home","item":"https:\/\/switch-co.rs\/sr\/"},{"@type":"ListItem","position":2,"name":"Spomenik Zoranu \u0110in\u0111i\u0107u"}]},{"@type":"WebSite","@id":"https:\/\/switch-co.rs\/#website","url":"https:\/\/switch-co.rs\/","name":"Switch Co","description":"","potentialAction":[{"@type":"SearchAction","target":{"@type":"EntryPoint","urlTemplate":"https:\/\/switch-co.rs\/?s={search_term_string}"},"query-input":{"@type":"PropertyValueSpecification","valueRequired":true,"valueName":"search_term_string"}}],"inLanguage":"sr-RS"}]}},"_links":{"self":[{"href":"https:\/\/switch-co.rs\/sr\/wp-json\/wp\/v2\/pages\/988838","targetHints":{"allow":["GET"]}}],"collection":[{"href":"https:\/\/switch-co.rs\/sr\/wp-json\/wp\/v2\/pages"}],"about":[{"href":"https:\/\/switch-co.rs\/sr\/wp-json\/wp\/v2\/types\/page"}],"author":[{"embeddable":true,"href":"https:\/\/switch-co.rs\/sr\/wp-json\/wp\/v2\/users\/2"}],"replies":[{"embeddable":true,"href":"https:\/\/switch-co.rs\/sr\/wp-json\/wp\/v2\/comments?post=988838"}],"version-history":[{"count":4,"href":"https:\/\/switch-co.rs\/sr\/wp-json\/wp\/v2\/pages\/988838\/revisions"}],"predecessor-version":[{"id":988843,"href":"https:\/\/switch-co.rs\/sr\/wp-json\/wp\/v2\/pages\/988838\/revisions\/988843"}],"wp:attachment":[{"href":"https:\/\/switch-co.rs\/sr\/wp-json\/wp\/v2\/media?parent=988838"}],"curies":[{"name":"wp","href":"https:\/\/api.w.org\/{rel}","templated":true}]}}