{"id":988848,"date":"2024-04-27T08:39:58","date_gmt":"2024-04-27T08:39:58","guid":{"rendered":"https:\/\/backspace.agency\/switchco\/sunnyville\/"},"modified":"2024-05-16T16:52:26","modified_gmt":"2024-05-16T16:52:26","slug":"sunnyville","status":"publish","type":"page","link":"https:\/\/switch-co.rs\/sr\/sunnyville\/","title":{"rendered":"SunnyVille"},"content":{"rendered":"\t\t<div data-elementor-type=\"wp-page\" data-elementor-id=\"988848\" class=\"elementor elementor-988848 elementor-988744\" data-elementor-post-type=\"page\">\n\t\t\t\t<div class=\"elementor-element elementor-element-38d00e93 e-flex e-con-boxed e-con e-parent\" data-id=\"38d00e93\" data-element_type=\"container\" data-e-type=\"container\" data-settings=\"{&quot;background_background&quot;:&quot;classic&quot;,&quot;shape_divider_bottom&quot;:&quot;triangle&quot;}\">\n\t\t\t\t\t<div class=\"e-con-inner\">\n\t\t\t\t<div class=\"elementor-shape elementor-shape-bottom\" aria-hidden=\"true\" data-negative=\"false\">\n\t\t\t<svg xmlns=\"http:\/\/www.w3.org\/2000\/svg\" viewBox=\"0 0 1000 100\" preserveAspectRatio=\"none\">\n\t<path class=\"elementor-shape-fill\" d=\"M500,98.9L0,6.1V0h1000v6.1L500,98.9z\"\/>\n<\/svg>\t\t<\/div>\n\t\t<div class=\"elementor-element elementor-element-49f4723 e-flex e-con-boxed e-con e-child\" data-id=\"49f4723\" data-element_type=\"container\" data-e-type=\"container\">\n\t\t\t\t\t<div class=\"e-con-inner\">\n\t\t\t\t<div class=\"elementor-element elementor-element-66e4201c elementor-widget elementor-widget-heading\" data-id=\"66e4201c\" data-element_type=\"widget\" data-e-type=\"widget\" data-widget_type=\"heading.default\">\n\t\t\t\t<div class=\"elementor-widget-container\">\n\t\t\t\t\t<h2 class=\"elementor-heading-title elementor-size-default\">PORTFOLIO<\/h2>\t\t\t\t<\/div>\n\t\t\t\t<\/div>\n\t\t\t\t<div class=\"elementor-element elementor-element-601d7e1e elementor-widget elementor-widget-heading\" data-id=\"601d7e1e\" data-element_type=\"widget\" data-e-type=\"widget\" data-widget_type=\"heading.default\">\n\t\t\t\t<div class=\"elementor-widget-container\">\n\t\t\t\t\t<h1 class=\"elementor-heading-title elementor-size-default\">SunnyVille<\/h1>\t\t\t\t<\/div>\n\t\t\t\t<\/div>\n\t\t\t\t<div class=\"elementor-element elementor-element-4871811f elementor-widget elementor-widget-text-editor\" data-id=\"4871811f\" data-element_type=\"widget\" data-e-type=\"widget\" data-widget_type=\"text-editor.default\">\n\t\t\t\t<div class=\"elementor-widget-container\">\n\t\t\t\t\t\t\t\t\t<p>Sunnyville Premium kompleks nalazi se na terasi koja se spu\u0161ta ka Dunavu i predstavlja jednu od najvi\u0161ih ta\u010daka u okolini, nedaleko od Sunnyville kompleksa koji je ve\u0107 useljen.<\/p>\n\t\t\t\t\t\t\t\t<\/div>\n\t\t\t\t<\/div>\n\t\t\t\t\t<\/div>\n\t\t\t\t<\/div>\n\t\t\t\t\t<\/div>\n\t\t\t\t<\/div>\n\t\t<div class=\"elementor-element elementor-element-7e5a2072 e-flex e-con-boxed e-con e-parent\" data-id=\"7e5a2072\" data-element_type=\"container\" data-e-type=\"container\">\n\t\t\t\t\t<div class=\"e-con-inner\">\n\t\t<div class=\"elementor-element elementor-element-70ad05a0 e-flex e-con-boxed e-con e-child\" data-id=\"70ad05a0\" data-element_type=\"container\" data-e-type=\"container\">\n\t\t\t\t\t<div class=\"e-con-inner\">\n\t\t<div class=\"elementor-element elementor-element-5d8453ff e-flex e-con-boxed e-con e-child\" data-id=\"5d8453ff\" data-element_type=\"container\" data-e-type=\"container\">\n\t\t\t\t\t<div class=\"e-con-inner\">\n\t\t<div class=\"elementor-element elementor-element-f56e19e e-flex e-con-boxed e-con e-child\" data-id=\"f56e19e\" data-element_type=\"container\" data-e-type=\"container\">\n\t\t\t\t\t<div class=\"e-con-inner\">\n\t\t\t\t<div class=\"elementor-element elementor-element-59cbcb21 elementor-widget elementor-widget-heading\" data-id=\"59cbcb21\" data-element_type=\"widget\" data-e-type=\"widget\" data-widget_type=\"heading.default\">\n\t\t\t\t<div class=\"elementor-widget-container\">\n\t\t\t\t\t<h2 class=\"elementor-heading-title elementor-size-default\">Treba da znate\n<\/h2>\t\t\t\t<\/div>\n\t\t\t\t<\/div>\n\t\t\t\t<div class=\"elementor-element elementor-element-22223053 elementor-widget elementor-widget-text-editor\" data-id=\"22223053\" data-element_type=\"widget\" data-e-type=\"widget\" data-widget_type=\"text-editor.default\">\n\t\t\t\t<div class=\"elementor-widget-container\">\n\t\t\t\t\t\t\t\t\tSa\u017eeli smo osnovne informacije o proizvodima, re\u0161enjima i uslugama za ovog klijenta.\n\n\t\t\t\t\t\t\t\t<\/div>\n\t\t\t\t<\/div>\n\t\t\t\t<div class=\"elementor-element elementor-element-514e13e elementor-widget elementor-widget-heading\" data-id=\"514e13e\" data-element_type=\"widget\" data-e-type=\"widget\" data-widget_type=\"heading.default\">\n\t\t\t\t<div class=\"elementor-widget-container\">\n\t\t\t\t\t<h4 class=\"elementor-heading-title elementor-size-default\">Saradnja<\/h4>\t\t\t\t<\/div>\n\t\t\t\t<\/div>\n\t\t\t\t<div class=\"elementor-element elementor-element-43453f81 elementor-widget elementor-widget-image\" data-id=\"43453f81\" data-element_type=\"widget\" data-e-type=\"widget\" data-widget_type=\"image.default\">\n\t\t\t\t<div class=\"elementor-widget-container\">\n\t\t\t\t\t\t\t\t\t\t\t\t\t\t\t\t<a href=\"https:\/\/lyctum.com\/\" target=\"_blank\">\n\t\t\t\t\t\t\t<img decoding=\"async\" width=\"200\" height=\"144\" src=\"https:\/\/switch-co.rs\/wp-content\/uploads\/2024\/04\/lyctum-logo.png\" class=\"attachment-full size-full wp-image-988747\" alt=\"\" \/>\t\t\t\t\t\t\t\t<\/a>\n\t\t\t\t\t\t\t\t\t\t\t\t\t\t\t<\/div>\n\t\t\t\t<\/div>\n\t\t\t\t\t<\/div>\n\t\t\t\t<\/div>\n\t\t<div class=\"elementor-element elementor-element-ba044a e-flex e-con-boxed e-con e-child\" data-id=\"ba044a\" data-element_type=\"container\" data-e-type=\"container\">\n\t\t\t\t\t<div class=\"e-con-inner\">\n\t\t\t\t<div class=\"elementor-element elementor-element-2d8db6ed elementor-widget elementor-widget-image\" data-id=\"2d8db6ed\" data-element_type=\"widget\" data-e-type=\"widget\" data-widget_type=\"image.default\">\n\t\t\t\t<div class=\"elementor-widget-container\">\n\t\t\t\t\t\t\t\t\t\t\t\t\t\t\t\t<a href=\"https:\/\/switch-co.rs\/wp-content\/uploads\/2024\/04\/sunnyville1.jpg\" data-elementor-open-lightbox=\"yes\" data-e-action-hash=\"#elementor-action%3Aaction%3Dlightbox%26settings%3DeyJpZCI6OTg4NzQ5LCJ1cmwiOiJodHRwczpcL1wvc3dpdGNoLWNvLnJzXC93cC1jb250ZW50XC91cGxvYWRzXC8yMDI0XC8wNFwvc3Vubnl2aWxsZTEuanBnIn0%3D\">\n\t\t\t\t\t\t\t<img fetchpriority=\"high\" decoding=\"async\" width=\"1080\" height=\"1080\" src=\"https:\/\/switch-co.rs\/wp-content\/uploads\/2024\/04\/sunnyville1.jpg\" class=\"attachment-full size-full wp-image-988749\" alt=\"\" srcset=\"https:\/\/switch-co.rs\/wp-content\/uploads\/2024\/04\/sunnyville1.jpg 1080w, https:\/\/switch-co.rs\/wp-content\/uploads\/2024\/04\/sunnyville1-300x300.jpg 300w, https:\/\/switch-co.rs\/wp-content\/uploads\/2024\/04\/sunnyville1-1024x1024.jpg 1024w, https:\/\/switch-co.rs\/wp-content\/uploads\/2024\/04\/sunnyville1-150x150.jpg 150w, https:\/\/switch-co.rs\/wp-content\/uploads\/2024\/04\/sunnyville1-768x768.jpg 768w\" sizes=\"(max-width: 1080px) 100vw, 1080px\" \/>\t\t\t\t\t\t\t\t<\/a>\n\t\t\t\t\t\t\t\t\t\t\t\t\t\t\t<\/div>\n\t\t\t\t<\/div>\n\t\t\t\t\t<\/div>\n\t\t\t\t<\/div>\n\t\t\t\t\t<\/div>\n\t\t\t\t<\/div>\n\t\t\t\t<div class=\"elementor-element elementor-element-761bf9a9 elementor-widget elementor-widget-text-editor\" data-id=\"761bf9a9\" data-element_type=\"widget\" data-e-type=\"widget\" data-widget_type=\"text-editor.default\">\n\t\t\t\t<div class=\"elementor-widget-container\">\n\t\t\t\t\t\t\t\t\t<h3>Zahtevi klijenta<\/h3>\n<p>Od pomenutog klijenta, dobili smo zahtev da izmerimo visinu parapeta ograde terase, na osnovu \u010dega je dalje pripremljena tehni\u010dka dokumentacija za poziciju nosa\u010da.<br \/>Na osnovu pozicije nosa\u010da, dimenzionisano je staklo, od kojeg se pravi ograda terase.<br \/>Ponosni smo na ovaj projekat jer je #Sunnyville sinonim za kvalitet i modernu gradnju, sinonim za sve \u0161to #SwitchCo te\u017ei.<\/p>\n<h3>Studija slu\u010daja<\/h3>\n<p>Dok se staklo proizvodi u fabrici, za to vreme monta\u017eeri bu\u0161e ankere za nosa\u010de prema crte\u017eima. Kada staklo stigne, zna se raspored stakla tako da je logistika na objektu unapred poznata.<\/p>\n\t\t\t\t\t\t\t\t<\/div>\n\t\t\t\t<\/div>\n\t\t<div class=\"elementor-element elementor-element-591879a e-flex e-con-boxed e-con e-child\" data-id=\"591879a\" data-element_type=\"container\" data-e-type=\"container\">\n\t\t\t\t\t<div class=\"e-con-inner\">\n\t\t<div class=\"elementor-element elementor-element-7bcced6b e-flex e-con-boxed e-con e-child\" data-id=\"7bcced6b\" data-element_type=\"container\" data-e-type=\"container\">\n\t\t\t\t\t<div class=\"e-con-inner\">\n\t\t\t\t<div class=\"elementor-element elementor-element-7cfc3ac elementor-widget elementor-widget-gallery\" data-id=\"7cfc3ac\" data-element_type=\"widget\" data-e-type=\"widget\" data-settings=\"{&quot;aspect_ratio&quot;:&quot;1:1&quot;,&quot;lazyload&quot;:&quot;yes&quot;,&quot;gallery_layout&quot;:&quot;grid&quot;,&quot;columns&quot;:4,&quot;columns_tablet&quot;:2,&quot;columns_mobile&quot;:1,&quot;gap&quot;:{&quot;unit&quot;:&quot;px&quot;,&quot;size&quot;:10,&quot;sizes&quot;:[]},&quot;gap_tablet&quot;:{&quot;unit&quot;:&quot;px&quot;,&quot;size&quot;:10,&quot;sizes&quot;:[]},&quot;gap_mobile&quot;:{&quot;unit&quot;:&quot;px&quot;,&quot;size&quot;:10,&quot;sizes&quot;:[]},&quot;link_to&quot;:&quot;file&quot;,&quot;overlay_background&quot;:&quot;yes&quot;,&quot;content_hover_animation&quot;:&quot;fade-in&quot;}\" data-widget_type=\"gallery.default\">\n\t\t\t\t<div class=\"elementor-widget-container\">\n\t\t\t\t\t\t\t<div class=\"elementor-gallery__container\">\n\t\t\t\t\t\t\t<a class=\"e-gallery-item elementor-gallery-item elementor-animated-content\" href=\"https:\/\/switch-co.rs\/wp-content\/uploads\/2024\/04\/zgrada-4-1.jpg\" data-elementor-open-lightbox=\"yes\" data-elementor-lightbox-slideshow=\"7cfc3ac\" data-elementor-lightbox-title=\"zgrada-4 (1)\" data-e-action-hash=\"#elementor-action%3Aaction%3Dlightbox%26settings%3DeyJpZCI6OTg4NzUxLCJ1cmwiOiJodHRwczpcL1wvc3dpdGNoLWNvLnJzXC93cC1jb250ZW50XC91cGxvYWRzXC8yMDI0XC8wNFwvemdyYWRhLTQtMS5qcGciLCJzbGlkZXNob3ciOiI3Y2ZjM2FjIn0%3D\">\n\t\t\t\t\t<div class=\"e-gallery-image elementor-gallery-item__image\" data-thumbnail=\"https:\/\/switch-co.rs\/wp-content\/uploads\/2024\/04\/zgrada-4-1.jpg\" data-width=\"1920\" data-height=\"1080\" aria-label=\"\" role=\"img\" ><\/div>\n\t\t\t\t\t\t\t\t\t\t\t<div class=\"elementor-gallery-item__overlay\"><\/div>\n\t\t\t\t\t\t\t\t\t\t\t\t\t\t<\/a>\n\t\t\t\t\t\t\t<a class=\"e-gallery-item elementor-gallery-item elementor-animated-content\" href=\"https:\/\/switch-co.rs\/wp-content\/uploads\/2024\/04\/zgrada-3.jpg\" data-elementor-open-lightbox=\"yes\" data-elementor-lightbox-slideshow=\"7cfc3ac\" data-elementor-lightbox-title=\"zgrada-3\" data-e-action-hash=\"#elementor-action%3Aaction%3Dlightbox%26settings%3DeyJpZCI6OTg4NzUzLCJ1cmwiOiJodHRwczpcL1wvc3dpdGNoLWNvLnJzXC93cC1jb250ZW50XC91cGxvYWRzXC8yMDI0XC8wNFwvemdyYWRhLTMuanBnIiwic2xpZGVzaG93IjoiN2NmYzNhYyJ9\">\n\t\t\t\t\t<div class=\"e-gallery-image elementor-gallery-item__image\" data-thumbnail=\"https:\/\/switch-co.rs\/wp-content\/uploads\/2024\/04\/zgrada-3.jpg\" data-width=\"1920\" data-height=\"1080\" aria-label=\"\" role=\"img\" ><\/div>\n\t\t\t\t\t\t\t\t\t\t\t<div class=\"elementor-gallery-item__overlay\"><\/div>\n\t\t\t\t\t\t\t\t\t\t\t\t\t\t<\/a>\n\t\t\t\t\t\t\t<a class=\"e-gallery-item elementor-gallery-item elementor-animated-content\" href=\"https:\/\/switch-co.rs\/wp-content\/uploads\/2024\/04\/zgrada-2.jpg\" data-elementor-open-lightbox=\"yes\" data-elementor-lightbox-slideshow=\"7cfc3ac\" data-elementor-lightbox-title=\"zgrada-2\" data-e-action-hash=\"#elementor-action%3Aaction%3Dlightbox%26settings%3DeyJpZCI6OTg4NzU1LCJ1cmwiOiJodHRwczpcL1wvc3dpdGNoLWNvLnJzXC93cC1jb250ZW50XC91cGxvYWRzXC8yMDI0XC8wNFwvemdyYWRhLTIuanBnIiwic2xpZGVzaG93IjoiN2NmYzNhYyJ9\">\n\t\t\t\t\t<div class=\"e-gallery-image elementor-gallery-item__image\" data-thumbnail=\"https:\/\/switch-co.rs\/wp-content\/uploads\/2024\/04\/zgrada-2.jpg\" data-width=\"1920\" data-height=\"1080\" aria-label=\"\" role=\"img\" ><\/div>\n\t\t\t\t\t\t\t\t\t\t\t<div class=\"elementor-gallery-item__overlay\"><\/div>\n\t\t\t\t\t\t\t\t\t\t\t\t\t\t<\/a>\n\t\t\t\t\t\t\t<a class=\"e-gallery-item elementor-gallery-item elementor-animated-content\" href=\"https:\/\/switch-co.rs\/wp-content\/uploads\/2024\/04\/zgrada-4.jpg\" data-elementor-open-lightbox=\"yes\" data-elementor-lightbox-slideshow=\"7cfc3ac\" data-elementor-lightbox-title=\"zgrada-4\" data-e-action-hash=\"#elementor-action%3Aaction%3Dlightbox%26settings%3DeyJpZCI6OTg4NzU3LCJ1cmwiOiJodHRwczpcL1wvc3dpdGNoLWNvLnJzXC93cC1jb250ZW50XC91cGxvYWRzXC8yMDI0XC8wNFwvemdyYWRhLTQuanBnIiwic2xpZGVzaG93IjoiN2NmYzNhYyJ9\">\n\t\t\t\t\t<div class=\"e-gallery-image elementor-gallery-item__image\" data-thumbnail=\"https:\/\/switch-co.rs\/wp-content\/uploads\/2024\/04\/zgrada-4.jpg\" data-width=\"1920\" data-height=\"1080\" aria-label=\"\" role=\"img\" ><\/div>\n\t\t\t\t\t\t\t\t\t\t\t<div class=\"elementor-gallery-item__overlay\"><\/div>\n\t\t\t\t\t\t\t\t\t\t\t\t\t\t<\/a>\n\t\t\t\t\t<\/div>\n\t\t\t\t\t<\/div>\n\t\t\t\t<\/div>\n\t\t\t\t\t<\/div>\n\t\t\t\t<\/div>\n\t\t\t\t\t<\/div>\n\t\t\t\t<\/div>\n\t\t\t\t\t<\/div>\n\t\t\t\t<\/div>\n\t\t\t\t\t<\/div>\n\t\t\t\t<\/div>\n\t\t\t\t<\/div>\n\t\t","protected":false},"excerpt":{"rendered":"<p>PORTFOLIO SunnyVille Sunnyville Premium kompleks nalazi se na terasi koja se spu\u0161ta ka Dunavu i predstavlja jednu od najvi\u0161ih ta\u010daka u okolini, nedaleko od Sunnyville kompleksa koji je ve\u0107 useljen. Treba da znate Sa\u017eeli smo osnovne informacije o proizvodima, re\u0161enjima i uslugama za ovog klijenta. Saradnja Zahtevi klijenta Od pomenutog klijenta, dobili smo zahtev da [&hellip;]<\/p>\n","protected":false},"author":2,"featured_media":0,"parent":0,"menu_order":0,"comment_status":"closed","ping_status":"closed","template":"elementor_header_footer","meta":{"om_disable_all_campaigns":false,"_monsterinsights_skip_tracking":false,"_monsterinsights_sitenote_active":false,"_monsterinsights_sitenote_note":"","_monsterinsights_sitenote_category":0,"_uf_show_specific_survey":0,"_uf_disable_surveys":false,"footnotes":""},"class_list":["post-988848","page","type-page","status-publish","hentry"],"aioseo_notices":[],"yoast_head":"<!-- This site is optimized with the Yoast SEO plugin v27.4 - https:\/\/yoast.com\/product\/yoast-seo-wordpress\/ -->\n<title>SunnyVille - Switch Co<\/title>\n<meta name=\"robots\" content=\"index, follow, max-snippet:-1, max-image-preview:large, max-video-preview:-1\" \/>\n<link rel=\"canonical\" href=\"https:\/\/switch-co.rs\/sr\/sunnyville\/\" \/>\n<meta property=\"og:locale\" content=\"sr_RS\" \/>\n<meta property=\"og:type\" content=\"article\" \/>\n<meta property=\"og:title\" content=\"SunnyVille - Switch Co\" \/>\n<meta property=\"og:description\" content=\"PORTFOLIO SunnyVille Sunnyville Premium kompleks nalazi se na terasi koja se spu\u0161ta ka Dunavu i predstavlja jednu od najvi\u0161ih ta\u010daka u okolini, nedaleko od Sunnyville kompleksa koji je ve\u0107 useljen. Treba da znate Sa\u017eeli smo osnovne informacije o proizvodima, re\u0161enjima i uslugama za ovog klijenta. Saradnja Zahtevi klijenta Od pomenutog klijenta, dobili smo zahtev da [&hellip;]\" \/>\n<meta property=\"og:url\" content=\"https:\/\/switch-co.rs\/sr\/sunnyville\/\" \/>\n<meta property=\"og:site_name\" content=\"Switch Co\" \/>\n<meta property=\"article:modified_time\" content=\"2024-05-16T16:52:26+00:00\" \/>\n<meta property=\"og:image\" content=\"https:\/\/switch-co.rs\/wp-content\/uploads\/2024\/04\/lyctum-logo.png\" \/>\n<meta name=\"twitter:card\" content=\"summary_large_image\" \/>\n<meta name=\"twitter:label1\" content=\"\u041f\u0440\u043e\u0446\u0435\u045a\u0435\u043d\u043e \u0432\u0440\u0435\u043c\u0435 \u0447\u0438\u0442\u0430\u045a\u0430\" \/>\n\t<meta name=\"twitter:data1\" content=\"1 \u043c\u0438\u043d\u0443\u0442\" \/>\n<script type=\"application\/ld+json\" class=\"yoast-schema-graph\">{\"@context\":\"https:\\\/\\\/schema.org\",\"@graph\":[{\"@type\":\"WebPage\",\"@id\":\"https:\\\/\\\/switch-co.rs\\\/sr\\\/sunnyville\\\/\",\"url\":\"https:\\\/\\\/switch-co.rs\\\/sr\\\/sunnyville\\\/\",\"name\":\"SunnyVille - Switch Co\",\"isPartOf\":{\"@id\":\"https:\\\/\\\/switch-co.rs\\\/#website\"},\"primaryImageOfPage\":{\"@id\":\"https:\\\/\\\/switch-co.rs\\\/sr\\\/sunnyville\\\/#primaryimage\"},\"image\":{\"@id\":\"https:\\\/\\\/switch-co.rs\\\/sr\\\/sunnyville\\\/#primaryimage\"},\"thumbnailUrl\":\"https:\\\/\\\/switch-co.rs\\\/wp-content\\\/uploads\\\/2024\\\/04\\\/lyctum-logo.png\",\"datePublished\":\"2024-04-27T08:39:58+00:00\",\"dateModified\":\"2024-05-16T16:52:26+00:00\",\"breadcrumb\":{\"@id\":\"https:\\\/\\\/switch-co.rs\\\/sr\\\/sunnyville\\\/#breadcrumb\"},\"inLanguage\":\"sr-RS\",\"potentialAction\":[{\"@type\":\"ReadAction\",\"target\":[\"https:\\\/\\\/switch-co.rs\\\/sr\\\/sunnyville\\\/\"]}]},{\"@type\":\"ImageObject\",\"inLanguage\":\"sr-RS\",\"@id\":\"https:\\\/\\\/switch-co.rs\\\/sr\\\/sunnyville\\\/#primaryimage\",\"url\":\"https:\\\/\\\/switch-co.rs\\\/wp-content\\\/uploads\\\/2024\\\/04\\\/lyctum-logo.png\",\"contentUrl\":\"https:\\\/\\\/switch-co.rs\\\/wp-content\\\/uploads\\\/2024\\\/04\\\/lyctum-logo.png\"},{\"@type\":\"BreadcrumbList\",\"@id\":\"https:\\\/\\\/switch-co.rs\\\/sr\\\/sunnyville\\\/#breadcrumb\",\"itemListElement\":[{\"@type\":\"ListItem\",\"position\":1,\"name\":\"Home\",\"item\":\"https:\\\/\\\/switch-co.rs\\\/sr\\\/\"},{\"@type\":\"ListItem\",\"position\":2,\"name\":\"SunnyVille\"}]},{\"@type\":\"WebSite\",\"@id\":\"https:\\\/\\\/switch-co.rs\\\/#website\",\"url\":\"https:\\\/\\\/switch-co.rs\\\/\",\"name\":\"Switch Co\",\"description\":\"\",\"potentialAction\":[{\"@type\":\"SearchAction\",\"target\":{\"@type\":\"EntryPoint\",\"urlTemplate\":\"https:\\\/\\\/switch-co.rs\\\/?s={search_term_string}\"},\"query-input\":{\"@type\":\"PropertyValueSpecification\",\"valueRequired\":true,\"valueName\":\"search_term_string\"}}],\"inLanguage\":\"sr-RS\"}]}<\/script>\n<!-- \/ Yoast SEO plugin. -->","yoast_head_json":{"title":"SunnyVille - Switch Co","robots":{"index":"index","follow":"follow","max-snippet":"max-snippet:-1","max-image-preview":"max-image-preview:large","max-video-preview":"max-video-preview:-1"},"canonical":"https:\/\/switch-co.rs\/sr\/sunnyville\/","og_locale":"sr_RS","og_type":"article","og_title":"SunnyVille - Switch Co","og_description":"PORTFOLIO SunnyVille Sunnyville Premium kompleks nalazi se na terasi koja se spu\u0161ta ka Dunavu i predstavlja jednu od najvi\u0161ih ta\u010daka u okolini, nedaleko od Sunnyville kompleksa koji je ve\u0107 useljen. Treba da znate Sa\u017eeli smo osnovne informacije o proizvodima, re\u0161enjima i uslugama za ovog klijenta. Saradnja Zahtevi klijenta Od pomenutog klijenta, dobili smo zahtev da [&hellip;]","og_url":"https:\/\/switch-co.rs\/sr\/sunnyville\/","og_site_name":"Switch Co","article_modified_time":"2024-05-16T16:52:26+00:00","og_image":[{"url":"https:\/\/switch-co.rs\/wp-content\/uploads\/2024\/04\/lyctum-logo.png","type":"","width":"","height":""}],"twitter_card":"summary_large_image","twitter_misc":{"\u041f\u0440\u043e\u0446\u0435\u045a\u0435\u043d\u043e \u0432\u0440\u0435\u043c\u0435 \u0447\u0438\u0442\u0430\u045a\u0430":"1 \u043c\u0438\u043d\u0443\u0442"},"schema":{"@context":"https:\/\/schema.org","@graph":[{"@type":"WebPage","@id":"https:\/\/switch-co.rs\/sr\/sunnyville\/","url":"https:\/\/switch-co.rs\/sr\/sunnyville\/","name":"SunnyVille - Switch Co","isPartOf":{"@id":"https:\/\/switch-co.rs\/#website"},"primaryImageOfPage":{"@id":"https:\/\/switch-co.rs\/sr\/sunnyville\/#primaryimage"},"image":{"@id":"https:\/\/switch-co.rs\/sr\/sunnyville\/#primaryimage"},"thumbnailUrl":"https:\/\/switch-co.rs\/wp-content\/uploads\/2024\/04\/lyctum-logo.png","datePublished":"2024-04-27T08:39:58+00:00","dateModified":"2024-05-16T16:52:26+00:00","breadcrumb":{"@id":"https:\/\/switch-co.rs\/sr\/sunnyville\/#breadcrumb"},"inLanguage":"sr-RS","potentialAction":[{"@type":"ReadAction","target":["https:\/\/switch-co.rs\/sr\/sunnyville\/"]}]},{"@type":"ImageObject","inLanguage":"sr-RS","@id":"https:\/\/switch-co.rs\/sr\/sunnyville\/#primaryimage","url":"https:\/\/switch-co.rs\/wp-content\/uploads\/2024\/04\/lyctum-logo.png","contentUrl":"https:\/\/switch-co.rs\/wp-content\/uploads\/2024\/04\/lyctum-logo.png"},{"@type":"BreadcrumbList","@id":"https:\/\/switch-co.rs\/sr\/sunnyville\/#breadcrumb","itemListElement":[{"@type":"ListItem","position":1,"name":"Home","item":"https:\/\/switch-co.rs\/sr\/"},{"@type":"ListItem","position":2,"name":"SunnyVille"}]},{"@type":"WebSite","@id":"https:\/\/switch-co.rs\/#website","url":"https:\/\/switch-co.rs\/","name":"Switch Co","description":"","potentialAction":[{"@type":"SearchAction","target":{"@type":"EntryPoint","urlTemplate":"https:\/\/switch-co.rs\/?s={search_term_string}"},"query-input":{"@type":"PropertyValueSpecification","valueRequired":true,"valueName":"search_term_string"}}],"inLanguage":"sr-RS"}]}},"_links":{"self":[{"href":"https:\/\/switch-co.rs\/sr\/wp-json\/wp\/v2\/pages\/988848","targetHints":{"allow":["GET"]}}],"collection":[{"href":"https:\/\/switch-co.rs\/sr\/wp-json\/wp\/v2\/pages"}],"about":[{"href":"https:\/\/switch-co.rs\/sr\/wp-json\/wp\/v2\/types\/page"}],"author":[{"embeddable":true,"href":"https:\/\/switch-co.rs\/sr\/wp-json\/wp\/v2\/users\/2"}],"replies":[{"embeddable":true,"href":"https:\/\/switch-co.rs\/sr\/wp-json\/wp\/v2\/comments?post=988848"}],"version-history":[{"count":4,"href":"https:\/\/switch-co.rs\/sr\/wp-json\/wp\/v2\/pages\/988848\/revisions"}],"predecessor-version":[{"id":988853,"href":"https:\/\/switch-co.rs\/sr\/wp-json\/wp\/v2\/pages\/988848\/revisions\/988853"}],"wp:attachment":[{"href":"https:\/\/switch-co.rs\/sr\/wp-json\/wp\/v2\/media?parent=988848"}],"curies":[{"name":"wp","href":"https:\/\/api.w.org\/{rel}","templated":true}]}}