{"id":988854,"date":"2024-04-27T08:44:08","date_gmt":"2024-04-27T08:44:08","guid":{"rendered":"https:\/\/backspace.agency\/switchco\/tehnogradnja\/"},"modified":"2024-05-16T16:55:45","modified_gmt":"2024-05-16T16:55:45","slug":"tehnogradnja","status":"publish","type":"page","link":"https:\/\/switch-co.rs\/sr\/tehnogradnja\/","title":{"rendered":"Tehnogradnja"},"content":{"rendered":"\t\t<div data-elementor-type=\"wp-page\" data-elementor-id=\"988854\" class=\"elementor elementor-988854 elementor-988762\" data-elementor-post-type=\"page\">\n\t\t\t\t<div class=\"elementor-element elementor-element-364ec7fe e-flex e-con-boxed e-con e-parent\" data-id=\"364ec7fe\" data-element_type=\"container\" data-e-type=\"container\" data-settings=\"{&quot;background_background&quot;:&quot;classic&quot;,&quot;shape_divider_bottom&quot;:&quot;triangle&quot;}\">\n\t\t\t\t\t<div class=\"e-con-inner\">\n\t\t\t\t<div class=\"elementor-shape elementor-shape-bottom\" aria-hidden=\"true\" data-negative=\"false\">\n\t\t\t<svg xmlns=\"http:\/\/www.w3.org\/2000\/svg\" viewBox=\"0 0 1000 100\" preserveAspectRatio=\"none\">\n\t<path class=\"elementor-shape-fill\" d=\"M500,98.9L0,6.1V0h1000v6.1L500,98.9z\"\/>\n<\/svg>\t\t<\/div>\n\t\t<div class=\"elementor-element elementor-element-136a2363 e-flex e-con-boxed e-con e-child\" data-id=\"136a2363\" data-element_type=\"container\" data-e-type=\"container\">\n\t\t\t\t\t<div class=\"e-con-inner\">\n\t\t\t\t<div class=\"elementor-element elementor-element-283cf5d elementor-widget elementor-widget-heading\" data-id=\"283cf5d\" data-element_type=\"widget\" data-e-type=\"widget\" data-widget_type=\"heading.default\">\n\t\t\t\t<div class=\"elementor-widget-container\">\n\t\t\t\t\t<h2 class=\"elementor-heading-title elementor-size-default\">PORTFOLIO<\/h2>\t\t\t\t<\/div>\n\t\t\t\t<\/div>\n\t\t\t\t<div class=\"elementor-element elementor-element-50f75dc8 elementor-widget elementor-widget-heading\" data-id=\"50f75dc8\" data-element_type=\"widget\" data-e-type=\"widget\" data-widget_type=\"heading.default\">\n\t\t\t\t<div class=\"elementor-widget-container\">\n\t\t\t\t\t<h1 class=\"elementor-heading-title elementor-size-default\">Tehnogradnja<\/h1>\t\t\t\t<\/div>\n\t\t\t\t<\/div>\n\t\t\t\t<div class=\"elementor-element elementor-element-48a17dcd elementor-widget elementor-widget-text-editor\" data-id=\"48a17dcd\" data-element_type=\"widget\" data-e-type=\"widget\" data-widget_type=\"text-editor.default\">\n\t\t\t\t<div class=\"elementor-widget-container\">\n\t\t\t\t\t\t\t\t\t<p>Tehnogradnja IMS doo, specijalizovana je za izgradnju stanova, poslovnih prostora i urbanih vila.<\/p>\n\t\t\t\t\t\t\t\t<\/div>\n\t\t\t\t<\/div>\n\t\t\t\t\t<\/div>\n\t\t\t\t<\/div>\n\t\t\t\t\t<\/div>\n\t\t\t\t<\/div>\n\t\t<div class=\"elementor-element elementor-element-78624524 e-flex e-con-boxed e-con e-parent\" data-id=\"78624524\" data-element_type=\"container\" data-e-type=\"container\">\n\t\t\t\t\t<div class=\"e-con-inner\">\n\t\t<div class=\"elementor-element elementor-element-639d71f4 e-flex e-con-boxed e-con e-child\" data-id=\"639d71f4\" data-element_type=\"container\" data-e-type=\"container\">\n\t\t\t\t\t<div class=\"e-con-inner\">\n\t\t<div class=\"elementor-element elementor-element-68e97bb5 e-flex e-con-boxed e-con e-child\" data-id=\"68e97bb5\" data-element_type=\"container\" data-e-type=\"container\">\n\t\t\t\t\t<div class=\"e-con-inner\">\n\t\t<div class=\"elementor-element elementor-element-17b4e0f7 e-flex e-con-boxed e-con e-child\" data-id=\"17b4e0f7\" data-element_type=\"container\" data-e-type=\"container\">\n\t\t\t\t\t<div class=\"e-con-inner\">\n\t\t\t\t<div class=\"elementor-element elementor-element-29ce5635 elementor-widget elementor-widget-heading\" data-id=\"29ce5635\" data-element_type=\"widget\" data-e-type=\"widget\" data-widget_type=\"heading.default\">\n\t\t\t\t<div class=\"elementor-widget-container\">\n\t\t\t\t\t<h2 class=\"elementor-heading-title elementor-size-default\">Treba da znate\n<\/h2>\t\t\t\t<\/div>\n\t\t\t\t<\/div>\n\t\t\t\t<div class=\"elementor-element elementor-element-16f9ae7a elementor-widget elementor-widget-text-editor\" data-id=\"16f9ae7a\" data-element_type=\"widget\" data-e-type=\"widget\" data-widget_type=\"text-editor.default\">\n\t\t\t\t<div class=\"elementor-widget-container\">\n\t\t\t\t\t\t\t\t\tSa\u017eeli smo osnovne informacije o proizvodima, re\u0161enjima i uslugama za ovog klijenta.\n\n\t\t\t\t\t\t\t\t<\/div>\n\t\t\t\t<\/div>\n\t\t\t\t<div class=\"elementor-element elementor-element-37a06bb0 elementor-widget elementor-widget-image\" data-id=\"37a06bb0\" data-element_type=\"widget\" data-e-type=\"widget\" data-widget_type=\"image.default\">\n\t\t\t\t<div class=\"elementor-widget-container\">\n\t\t\t\t\t\t\t\t\t\t\t\t\t\t\t\t<a href=\"https:\/\/www.tehnogradnjaims.com\/\" target=\"_blank\">\n\t\t\t\t\t\t\t<img decoding=\"async\" width=\"249\" height=\"88\" src=\"https:\/\/switch-co.rs\/wp-content\/uploads\/2024\/04\/logobeli-1.webp\" class=\"attachment-full size-full wp-image-988765\" alt=\"\" \/>\t\t\t\t\t\t\t\t<\/a>\n\t\t\t\t\t\t\t\t\t\t\t\t\t\t\t<\/div>\n\t\t\t\t<\/div>\n\t\t\t\t<div class=\"elementor-element elementor-element-e60b0ce elementor-widget elementor-widget-text-editor\" data-id=\"e60b0ce\" data-element_type=\"widget\" data-e-type=\"widget\" data-widget_type=\"text-editor.default\">\n\t\t\t\t<div class=\"elementor-widget-container\">\n\t\t\t\t\t\t\t\t\t<h3>O projektu<\/h3>\n<p>Danas su ograde od ner\u0111aju\u0107eg \u010delika veoma primenjiva re\u0161enja za unutra\u0161nje i spolja\u0161nje dekoracije.<\/p>\n<p>Izra\u0111ene od \u010dvrstog, izdr\u017eljivog i ner\u0111aju\u0107eg \u010delika, ograde od ner\u0111aju\u0107eg \u010delika imaju o\u010digledne prednosti u odnosu na ograde napravljene od drugih materijala.<\/p>\n<h3>Studija slu\u010daja<\/h3>\n<p>Zbog otpornosti na atmosferske uticaje, ograde od ner\u0111aju\u0107eg \u010delika lako se odr\u017eavaju tokom upotrebe, pa je vredna investicija za ure\u0111enje prostora u kojem \u017eivite.<br \/>Radili smo na projektu ograde od ner\u0111aju\u0107eg \u010delika za na\u0161eg klijenta Bobar Be\u0161ka doo u saradnji sa kompanijom KaMont + NS.<\/p>\n<p>Ako vam je potreban savet, konceptualni dizajn ili kompletna realizacija kada su u pitanju ograde od ner\u0111aju\u0107eg \u010delika, slobodno nas kontaktirajte.<\/p>\n\t\t\t\t\t\t\t\t<\/div>\n\t\t\t\t<\/div>\n\t\t\t\t<div class=\"elementor-element elementor-element-5fc7f74 elementor-widget elementor-widget-gallery\" data-id=\"5fc7f74\" data-element_type=\"widget\" data-e-type=\"widget\" data-settings=\"{&quot;aspect_ratio&quot;:&quot;1:1&quot;,&quot;columns&quot;:3,&quot;lazyload&quot;:&quot;yes&quot;,&quot;gallery_layout&quot;:&quot;grid&quot;,&quot;columns_tablet&quot;:2,&quot;columns_mobile&quot;:1,&quot;gap&quot;:{&quot;unit&quot;:&quot;px&quot;,&quot;size&quot;:10,&quot;sizes&quot;:[]},&quot;gap_tablet&quot;:{&quot;unit&quot;:&quot;px&quot;,&quot;size&quot;:10,&quot;sizes&quot;:[]},&quot;gap_mobile&quot;:{&quot;unit&quot;:&quot;px&quot;,&quot;size&quot;:10,&quot;sizes&quot;:[]},&quot;link_to&quot;:&quot;file&quot;,&quot;overlay_background&quot;:&quot;yes&quot;,&quot;content_hover_animation&quot;:&quot;fade-in&quot;}\" data-widget_type=\"gallery.default\">\n\t\t\t\t<div class=\"elementor-widget-container\">\n\t\t\t\t\t\t\t<div class=\"elementor-gallery__container\">\n\t\t\t\t\t\t\t<a class=\"e-gallery-item elementor-gallery-item elementor-animated-content\" href=\"https:\/\/switch-co.rs\/wp-content\/uploads\/2024\/04\/ab3bdc_0ca40aea99764fe7a7f6ba3b9a45064a_mv2.webp\" data-elementor-open-lightbox=\"yes\" data-elementor-lightbox-slideshow=\"5fc7f74\" data-elementor-lightbox-title=\"ab3bdc_0ca40aea99764fe7a7f6ba3b9a45064a_mv2\" data-e-action-hash=\"#elementor-action%3Aaction%3Dlightbox%26settings%3DeyJpZCI6OTg4Nzk0LCJ1cmwiOiJodHRwczpcL1wvc3dpdGNoLWNvLnJzXC93cC1jb250ZW50XC91cGxvYWRzXC8yMDI0XC8wNFwvYWIzYmRjXzBjYTQwYWVhOTk3NjRmZTdhN2Y2YmEzYjlhNDUwNjRhX212Mi53ZWJwIiwic2xpZGVzaG93IjoiNWZjN2Y3NCJ9\">\n\t\t\t\t\t<div class=\"e-gallery-image elementor-gallery-item__image\" data-thumbnail=\"https:\/\/switch-co.rs\/wp-content\/uploads\/2024\/04\/ab3bdc_0ca40aea99764fe7a7f6ba3b9a45064a_mv2.webp\" data-width=\"1098\" data-height=\"618\" aria-label=\"\" role=\"img\" ><\/div>\n\t\t\t\t\t\t\t\t\t\t\t<div class=\"elementor-gallery-item__overlay\"><\/div>\n\t\t\t\t\t\t\t\t\t\t\t\t\t\t<\/a>\n\t\t\t\t\t\t\t<a class=\"e-gallery-item elementor-gallery-item elementor-animated-content\" href=\"https:\/\/switch-co.rs\/wp-content\/uploads\/2024\/04\/photo_2022-06-03_08-51-15-1.jpg\" data-elementor-open-lightbox=\"yes\" data-elementor-lightbox-slideshow=\"5fc7f74\" data-elementor-lightbox-title=\"photo_2022-06-03_08-51-15 (1)\" data-e-action-hash=\"#elementor-action%3Aaction%3Dlightbox%26settings%3DeyJpZCI6OTg4Nzk2LCJ1cmwiOiJodHRwczpcL1wvc3dpdGNoLWNvLnJzXC93cC1jb250ZW50XC91cGxvYWRzXC8yMDI0XC8wNFwvcGhvdG9fMjAyMi0wNi0wM18wOC01MS0xNS0xLmpwZyIsInNsaWRlc2hvdyI6IjVmYzdmNzQifQ%3D%3D\">\n\t\t\t\t\t<div class=\"e-gallery-image elementor-gallery-item__image\" data-thumbnail=\"https:\/\/switch-co.rs\/wp-content\/uploads\/2024\/04\/photo_2022-06-03_08-51-15-1.jpg\" data-width=\"1280\" data-height=\"1280\" aria-label=\"\" role=\"img\" ><\/div>\n\t\t\t\t\t\t\t\t\t\t\t<div class=\"elementor-gallery-item__overlay\"><\/div>\n\t\t\t\t\t\t\t\t\t\t\t\t\t\t<\/a>\n\t\t\t\t\t\t\t<a class=\"e-gallery-item elementor-gallery-item elementor-animated-content\" href=\"https:\/\/switch-co.rs\/wp-content\/uploads\/2024\/04\/photo_2022-06-03_08-51-21.jpg\" data-elementor-open-lightbox=\"yes\" data-elementor-lightbox-slideshow=\"5fc7f74\" data-elementor-lightbox-title=\"photo_2022-06-03_08-51-21\" data-e-action-hash=\"#elementor-action%3Aaction%3Dlightbox%26settings%3DeyJpZCI6OTg4Nzk4LCJ1cmwiOiJodHRwczpcL1wvc3dpdGNoLWNvLnJzXC93cC1jb250ZW50XC91cGxvYWRzXC8yMDI0XC8wNFwvcGhvdG9fMjAyMi0wNi0wM18wOC01MS0yMS5qcGciLCJzbGlkZXNob3ciOiI1ZmM3Zjc0In0%3D\">\n\t\t\t\t\t<div class=\"e-gallery-image elementor-gallery-item__image\" data-thumbnail=\"https:\/\/switch-co.rs\/wp-content\/uploads\/2024\/04\/photo_2022-06-03_08-51-21.jpg\" data-width=\"960\" data-height=\"1280\" aria-label=\"\" role=\"img\" ><\/div>\n\t\t\t\t\t\t\t\t\t\t\t<div class=\"elementor-gallery-item__overlay\"><\/div>\n\t\t\t\t\t\t\t\t\t\t\t\t\t\t<\/a>\n\t\t\t\t\t\t\t<a class=\"e-gallery-item elementor-gallery-item elementor-animated-content\" href=\"https:\/\/switch-co.rs\/wp-content\/uploads\/2024\/04\/photo_2022-06-03_08-51-25.jpg\" data-elementor-open-lightbox=\"yes\" data-elementor-lightbox-slideshow=\"5fc7f74\" data-elementor-lightbox-title=\"photo_2022-06-03_08-51-25\" data-e-action-hash=\"#elementor-action%3Aaction%3Dlightbox%26settings%3DeyJpZCI6OTg4ODAwLCJ1cmwiOiJodHRwczpcL1wvc3dpdGNoLWNvLnJzXC93cC1jb250ZW50XC91cGxvYWRzXC8yMDI0XC8wNFwvcGhvdG9fMjAyMi0wNi0wM18wOC01MS0yNS5qcGciLCJzbGlkZXNob3ciOiI1ZmM3Zjc0In0%3D\">\n\t\t\t\t\t<div class=\"e-gallery-image elementor-gallery-item__image\" data-thumbnail=\"https:\/\/switch-co.rs\/wp-content\/uploads\/2024\/04\/photo_2022-06-03_08-51-25.jpg\" data-width=\"960\" data-height=\"1280\" aria-label=\"\" role=\"img\" ><\/div>\n\t\t\t\t\t\t\t\t\t\t\t<div class=\"elementor-gallery-item__overlay\"><\/div>\n\t\t\t\t\t\t\t\t\t\t\t\t\t\t<\/a>\n\t\t\t\t\t\t\t<a class=\"e-gallery-item elementor-gallery-item elementor-animated-content\" href=\"https:\/\/switch-co.rs\/wp-content\/uploads\/2024\/04\/photo_2022-06-03_08-51-28.jpg\" data-elementor-open-lightbox=\"yes\" data-elementor-lightbox-slideshow=\"5fc7f74\" data-elementor-lightbox-title=\"photo_2022-06-03_08-51-28\" data-e-action-hash=\"#elementor-action%3Aaction%3Dlightbox%26settings%3DeyJpZCI6OTg4ODAyLCJ1cmwiOiJodHRwczpcL1wvc3dpdGNoLWNvLnJzXC93cC1jb250ZW50XC91cGxvYWRzXC8yMDI0XC8wNFwvcGhvdG9fMjAyMi0wNi0wM18wOC01MS0yOC5qcGciLCJzbGlkZXNob3ciOiI1ZmM3Zjc0In0%3D\">\n\t\t\t\t\t<div class=\"e-gallery-image elementor-gallery-item__image\" data-thumbnail=\"https:\/\/switch-co.rs\/wp-content\/uploads\/2024\/04\/photo_2022-06-03_08-51-28.jpg\" data-width=\"960\" data-height=\"1280\" aria-label=\"\" role=\"img\" ><\/div>\n\t\t\t\t\t\t\t\t\t\t\t<div class=\"elementor-gallery-item__overlay\"><\/div>\n\t\t\t\t\t\t\t\t\t\t\t\t\t\t<\/a>\n\t\t\t\t\t\t\t<a class=\"e-gallery-item elementor-gallery-item elementor-animated-content\" href=\"https:\/\/switch-co.rs\/wp-content\/uploads\/2024\/04\/photo_2022-06-03_08-51-31.jpg\" data-elementor-open-lightbox=\"yes\" data-elementor-lightbox-slideshow=\"5fc7f74\" data-elementor-lightbox-title=\"photo_2022-06-03_08-51-31\" data-e-action-hash=\"#elementor-action%3Aaction%3Dlightbox%26settings%3DeyJpZCI6OTg4ODA0LCJ1cmwiOiJodHRwczpcL1wvc3dpdGNoLWNvLnJzXC93cC1jb250ZW50XC91cGxvYWRzXC8yMDI0XC8wNFwvcGhvdG9fMjAyMi0wNi0wM18wOC01MS0zMS5qcGciLCJzbGlkZXNob3ciOiI1ZmM3Zjc0In0%3D\">\n\t\t\t\t\t<div class=\"e-gallery-image elementor-gallery-item__image\" data-thumbnail=\"https:\/\/switch-co.rs\/wp-content\/uploads\/2024\/04\/photo_2022-06-03_08-51-31.jpg\" data-width=\"960\" data-height=\"1280\" aria-label=\"\" role=\"img\" ><\/div>\n\t\t\t\t\t\t\t\t\t\t\t<div class=\"elementor-gallery-item__overlay\"><\/div>\n\t\t\t\t\t\t\t\t\t\t\t\t\t\t<\/a>\n\t\t\t\t\t<\/div>\n\t\t\t\t\t<\/div>\n\t\t\t\t<\/div>\n\t\t\t\t\t<\/div>\n\t\t\t\t<\/div>\n\t\t\t\t\t<\/div>\n\t\t\t\t<\/div>\n\t\t\t\t\t<\/div>\n\t\t\t\t<\/div>\n\t\t\t\t\t<\/div>\n\t\t\t\t<\/div>\n\t\t\t\t<\/div>\n\t\t","protected":false},"excerpt":{"rendered":"<p>PORTFOLIO Tehnogradnja Tehnogradnja IMS doo, specijalizovana je za izgradnju stanova, poslovnih prostora i urbanih vila. Treba da znate Sa\u017eeli smo osnovne informacije o proizvodima, re\u0161enjima i uslugama za ovog klijenta. O projektu Danas su ograde od ner\u0111aju\u0107eg \u010delika veoma primenjiva re\u0161enja za unutra\u0161nje i spolja\u0161nje dekoracije. Izra\u0111ene od \u010dvrstog, izdr\u017eljivog i ner\u0111aju\u0107eg \u010delika, ograde od [&hellip;]<\/p>\n","protected":false},"author":2,"featured_media":0,"parent":0,"menu_order":0,"comment_status":"closed","ping_status":"closed","template":"elementor_header_footer","meta":{"om_disable_all_campaigns":false,"_monsterinsights_skip_tracking":false,"_monsterinsights_sitenote_active":false,"_monsterinsights_sitenote_note":"","_monsterinsights_sitenote_category":0,"_uf_show_specific_survey":0,"_uf_disable_surveys":false,"footnotes":""},"class_list":["post-988854","page","type-page","status-publish","hentry"],"aioseo_notices":[],"yoast_head":"<!-- This site is optimized with the Yoast SEO plugin v27.4 - https:\/\/yoast.com\/product\/yoast-seo-wordpress\/ -->\n<title>Tehnogradnja - Switch Co<\/title>\n<meta name=\"robots\" content=\"index, follow, max-snippet:-1, max-image-preview:large, max-video-preview:-1\" \/>\n<link rel=\"canonical\" href=\"https:\/\/switch-co.rs\/sr\/tehnogradnja\/\" \/>\n<meta property=\"og:locale\" content=\"sr_RS\" \/>\n<meta property=\"og:type\" content=\"article\" \/>\n<meta property=\"og:title\" content=\"Tehnogradnja - Switch Co\" \/>\n<meta property=\"og:description\" content=\"PORTFOLIO Tehnogradnja Tehnogradnja IMS doo, specijalizovana je za izgradnju stanova, poslovnih prostora i urbanih vila. Treba da znate Sa\u017eeli smo osnovne informacije o proizvodima, re\u0161enjima i uslugama za ovog klijenta. O projektu Danas su ograde od ner\u0111aju\u0107eg \u010delika veoma primenjiva re\u0161enja za unutra\u0161nje i spolja\u0161nje dekoracije. Izra\u0111ene od \u010dvrstog, izdr\u017eljivog i ner\u0111aju\u0107eg \u010delika, ograde od [&hellip;]\" \/>\n<meta property=\"og:url\" content=\"https:\/\/switch-co.rs\/sr\/tehnogradnja\/\" \/>\n<meta property=\"og:site_name\" content=\"Switch Co\" \/>\n<meta property=\"article:modified_time\" content=\"2024-05-16T16:55:45+00:00\" \/>\n<meta property=\"og:image\" content=\"https:\/\/switch-co.rs\/wp-content\/uploads\/2024\/04\/logobeli-1.webp\" \/>\n<meta name=\"twitter:card\" content=\"summary_large_image\" \/>\n<meta name=\"twitter:label1\" content=\"\u041f\u0440\u043e\u0446\u0435\u045a\u0435\u043d\u043e \u0432\u0440\u0435\u043c\u0435 \u0447\u0438\u0442\u0430\u045a\u0430\" \/>\n\t<meta name=\"twitter:data1\" content=\"1 \u043c\u0438\u043d\u0443\u0442\" \/>\n<script type=\"application\/ld+json\" class=\"yoast-schema-graph\">{\"@context\":\"https:\\\/\\\/schema.org\",\"@graph\":[{\"@type\":\"WebPage\",\"@id\":\"https:\\\/\\\/switch-co.rs\\\/sr\\\/tehnogradnja\\\/\",\"url\":\"https:\\\/\\\/switch-co.rs\\\/sr\\\/tehnogradnja\\\/\",\"name\":\"Tehnogradnja - Switch Co\",\"isPartOf\":{\"@id\":\"https:\\\/\\\/switch-co.rs\\\/#website\"},\"primaryImageOfPage\":{\"@id\":\"https:\\\/\\\/switch-co.rs\\\/sr\\\/tehnogradnja\\\/#primaryimage\"},\"image\":{\"@id\":\"https:\\\/\\\/switch-co.rs\\\/sr\\\/tehnogradnja\\\/#primaryimage\"},\"thumbnailUrl\":\"https:\\\/\\\/switch-co.rs\\\/wp-content\\\/uploads\\\/2024\\\/04\\\/logobeli-1.webp\",\"datePublished\":\"2024-04-27T08:44:08+00:00\",\"dateModified\":\"2024-05-16T16:55:45+00:00\",\"breadcrumb\":{\"@id\":\"https:\\\/\\\/switch-co.rs\\\/sr\\\/tehnogradnja\\\/#breadcrumb\"},\"inLanguage\":\"sr-RS\",\"potentialAction\":[{\"@type\":\"ReadAction\",\"target\":[\"https:\\\/\\\/switch-co.rs\\\/sr\\\/tehnogradnja\\\/\"]}]},{\"@type\":\"ImageObject\",\"inLanguage\":\"sr-RS\",\"@id\":\"https:\\\/\\\/switch-co.rs\\\/sr\\\/tehnogradnja\\\/#primaryimage\",\"url\":\"https:\\\/\\\/switch-co.rs\\\/wp-content\\\/uploads\\\/2024\\\/04\\\/logobeli-1.webp\",\"contentUrl\":\"https:\\\/\\\/switch-co.rs\\\/wp-content\\\/uploads\\\/2024\\\/04\\\/logobeli-1.webp\"},{\"@type\":\"BreadcrumbList\",\"@id\":\"https:\\\/\\\/switch-co.rs\\\/sr\\\/tehnogradnja\\\/#breadcrumb\",\"itemListElement\":[{\"@type\":\"ListItem\",\"position\":1,\"name\":\"Home\",\"item\":\"https:\\\/\\\/switch-co.rs\\\/sr\\\/\"},{\"@type\":\"ListItem\",\"position\":2,\"name\":\"Tehnogradnja\"}]},{\"@type\":\"WebSite\",\"@id\":\"https:\\\/\\\/switch-co.rs\\\/#website\",\"url\":\"https:\\\/\\\/switch-co.rs\\\/\",\"name\":\"Switch Co\",\"description\":\"\",\"potentialAction\":[{\"@type\":\"SearchAction\",\"target\":{\"@type\":\"EntryPoint\",\"urlTemplate\":\"https:\\\/\\\/switch-co.rs\\\/?s={search_term_string}\"},\"query-input\":{\"@type\":\"PropertyValueSpecification\",\"valueRequired\":true,\"valueName\":\"search_term_string\"}}],\"inLanguage\":\"sr-RS\"}]}<\/script>\n<!-- \/ Yoast SEO plugin. -->","yoast_head_json":{"title":"Tehnogradnja - Switch Co","robots":{"index":"index","follow":"follow","max-snippet":"max-snippet:-1","max-image-preview":"max-image-preview:large","max-video-preview":"max-video-preview:-1"},"canonical":"https:\/\/switch-co.rs\/sr\/tehnogradnja\/","og_locale":"sr_RS","og_type":"article","og_title":"Tehnogradnja - Switch Co","og_description":"PORTFOLIO Tehnogradnja Tehnogradnja IMS doo, specijalizovana je za izgradnju stanova, poslovnih prostora i urbanih vila. Treba da znate Sa\u017eeli smo osnovne informacije o proizvodima, re\u0161enjima i uslugama za ovog klijenta. O projektu Danas su ograde od ner\u0111aju\u0107eg \u010delika veoma primenjiva re\u0161enja za unutra\u0161nje i spolja\u0161nje dekoracije. Izra\u0111ene od \u010dvrstog, izdr\u017eljivog i ner\u0111aju\u0107eg \u010delika, ograde od [&hellip;]","og_url":"https:\/\/switch-co.rs\/sr\/tehnogradnja\/","og_site_name":"Switch Co","article_modified_time":"2024-05-16T16:55:45+00:00","og_image":[{"url":"https:\/\/switch-co.rs\/wp-content\/uploads\/2024\/04\/logobeli-1.webp","type":"","width":"","height":""}],"twitter_card":"summary_large_image","twitter_misc":{"\u041f\u0440\u043e\u0446\u0435\u045a\u0435\u043d\u043e \u0432\u0440\u0435\u043c\u0435 \u0447\u0438\u0442\u0430\u045a\u0430":"1 \u043c\u0438\u043d\u0443\u0442"},"schema":{"@context":"https:\/\/schema.org","@graph":[{"@type":"WebPage","@id":"https:\/\/switch-co.rs\/sr\/tehnogradnja\/","url":"https:\/\/switch-co.rs\/sr\/tehnogradnja\/","name":"Tehnogradnja - Switch Co","isPartOf":{"@id":"https:\/\/switch-co.rs\/#website"},"primaryImageOfPage":{"@id":"https:\/\/switch-co.rs\/sr\/tehnogradnja\/#primaryimage"},"image":{"@id":"https:\/\/switch-co.rs\/sr\/tehnogradnja\/#primaryimage"},"thumbnailUrl":"https:\/\/switch-co.rs\/wp-content\/uploads\/2024\/04\/logobeli-1.webp","datePublished":"2024-04-27T08:44:08+00:00","dateModified":"2024-05-16T16:55:45+00:00","breadcrumb":{"@id":"https:\/\/switch-co.rs\/sr\/tehnogradnja\/#breadcrumb"},"inLanguage":"sr-RS","potentialAction":[{"@type":"ReadAction","target":["https:\/\/switch-co.rs\/sr\/tehnogradnja\/"]}]},{"@type":"ImageObject","inLanguage":"sr-RS","@id":"https:\/\/switch-co.rs\/sr\/tehnogradnja\/#primaryimage","url":"https:\/\/switch-co.rs\/wp-content\/uploads\/2024\/04\/logobeli-1.webp","contentUrl":"https:\/\/switch-co.rs\/wp-content\/uploads\/2024\/04\/logobeli-1.webp"},{"@type":"BreadcrumbList","@id":"https:\/\/switch-co.rs\/sr\/tehnogradnja\/#breadcrumb","itemListElement":[{"@type":"ListItem","position":1,"name":"Home","item":"https:\/\/switch-co.rs\/sr\/"},{"@type":"ListItem","position":2,"name":"Tehnogradnja"}]},{"@type":"WebSite","@id":"https:\/\/switch-co.rs\/#website","url":"https:\/\/switch-co.rs\/","name":"Switch Co","description":"","potentialAction":[{"@type":"SearchAction","target":{"@type":"EntryPoint","urlTemplate":"https:\/\/switch-co.rs\/?s={search_term_string}"},"query-input":{"@type":"PropertyValueSpecification","valueRequired":true,"valueName":"search_term_string"}}],"inLanguage":"sr-RS"}]}},"_links":{"self":[{"href":"https:\/\/switch-co.rs\/sr\/wp-json\/wp\/v2\/pages\/988854","targetHints":{"allow":["GET"]}}],"collection":[{"href":"https:\/\/switch-co.rs\/sr\/wp-json\/wp\/v2\/pages"}],"about":[{"href":"https:\/\/switch-co.rs\/sr\/wp-json\/wp\/v2\/types\/page"}],"author":[{"embeddable":true,"href":"https:\/\/switch-co.rs\/sr\/wp-json\/wp\/v2\/users\/2"}],"replies":[{"embeddable":true,"href":"https:\/\/switch-co.rs\/sr\/wp-json\/wp\/v2\/comments?post=988854"}],"version-history":[{"count":4,"href":"https:\/\/switch-co.rs\/sr\/wp-json\/wp\/v2\/pages\/988854\/revisions"}],"predecessor-version":[{"id":988859,"href":"https:\/\/switch-co.rs\/sr\/wp-json\/wp\/v2\/pages\/988854\/revisions\/988859"}],"wp:attachment":[{"href":"https:\/\/switch-co.rs\/sr\/wp-json\/wp\/v2\/media?parent=988854"}],"curies":[{"name":"wp","href":"https:\/\/api.w.org\/{rel}","templated":true}]}}