{"id":988863,"date":"2024-04-27T08:45:55","date_gmt":"2024-04-27T08:45:55","guid":{"rendered":"https:\/\/backspace.agency\/switchco\/hailed\/"},"modified":"2024-05-16T17:01:30","modified_gmt":"2024-05-16T17:01:30","slug":"hailed","status":"publish","type":"page","link":"https:\/\/switch-co.rs\/sr\/hailed\/","title":{"rendered":"Hailed"},"content":{"rendered":"\t\t<div data-elementor-type=\"wp-page\" data-elementor-id=\"988863\" class=\"elementor elementor-988863 elementor-988770\" data-elementor-post-type=\"page\">\n\t\t\t\t<div class=\"elementor-element elementor-element-1e68fb2d e-flex e-con-boxed e-con e-parent\" data-id=\"1e68fb2d\" data-element_type=\"container\" data-e-type=\"container\" data-settings=\"{&quot;background_background&quot;:&quot;classic&quot;,&quot;shape_divider_bottom&quot;:&quot;triangle&quot;}\">\n\t\t\t\t\t<div class=\"e-con-inner\">\n\t\t\t\t<div class=\"elementor-shape elementor-shape-bottom\" aria-hidden=\"true\" data-negative=\"false\">\n\t\t\t<svg xmlns=\"http:\/\/www.w3.org\/2000\/svg\" viewBox=\"0 0 1000 100\" preserveAspectRatio=\"none\">\n\t<path class=\"elementor-shape-fill\" d=\"M500,98.9L0,6.1V0h1000v6.1L500,98.9z\"\/>\n<\/svg>\t\t<\/div>\n\t\t<div class=\"elementor-element elementor-element-2d01626c e-flex e-con-boxed e-con e-child\" data-id=\"2d01626c\" data-element_type=\"container\" data-e-type=\"container\">\n\t\t\t\t\t<div class=\"e-con-inner\">\n\t\t\t\t<div class=\"elementor-element elementor-element-b3045c4 elementor-widget elementor-widget-heading\" data-id=\"b3045c4\" data-element_type=\"widget\" data-e-type=\"widget\" data-widget_type=\"heading.default\">\n\t\t\t\t<div class=\"elementor-widget-container\">\n\t\t\t\t\t<h2 class=\"elementor-heading-title elementor-size-default\">PORTFOLIO<\/h2>\t\t\t\t<\/div>\n\t\t\t\t<\/div>\n\t\t\t\t<div class=\"elementor-element elementor-element-250276e5 elementor-widget elementor-widget-heading\" data-id=\"250276e5\" data-element_type=\"widget\" data-e-type=\"widget\" data-widget_type=\"heading.default\">\n\t\t\t\t<div class=\"elementor-widget-container\">\n\t\t\t\t\t<h1 class=\"elementor-heading-title elementor-size-default\">Hailed<\/h1>\t\t\t\t<\/div>\n\t\t\t\t<\/div>\n\t\t\t\t<div class=\"elementor-element elementor-element-535d66af elementor-widget elementor-widget-text-editor\" data-id=\"535d66af\" data-element_type=\"widget\" data-e-type=\"widget\" data-widget_type=\"text-editor.default\">\n\t\t\t\t<div class=\"elementor-widget-container\">\n\t\t\t\t\t\t\t\t\t<p>Kombinacija novog australijskog dizajna sa stru\u010dnom izradom. \u017divot uz vatru je proslava ambijenta koji vatra na drva stvara u na\u0161em domu.<\/p>\n\t\t\t\t\t\t\t\t<\/div>\n\t\t\t\t<\/div>\n\t\t\t\t\t<\/div>\n\t\t\t\t<\/div>\n\t\t\t\t\t<\/div>\n\t\t\t\t<\/div>\n\t\t<div class=\"elementor-element elementor-element-206d7a0b e-flex e-con-boxed e-con e-parent\" data-id=\"206d7a0b\" data-element_type=\"container\" data-e-type=\"container\">\n\t\t\t\t\t<div class=\"e-con-inner\">\n\t\t<div class=\"elementor-element elementor-element-23cabb39 e-flex e-con-boxed e-con e-child\" data-id=\"23cabb39\" data-element_type=\"container\" data-e-type=\"container\">\n\t\t\t\t\t<div class=\"e-con-inner\">\n\t\t<div class=\"elementor-element elementor-element-6ef3cb17 e-flex e-con-boxed e-con e-child\" data-id=\"6ef3cb17\" data-element_type=\"container\" data-e-type=\"container\">\n\t\t\t\t\t<div class=\"e-con-inner\">\n\t\t<div class=\"elementor-element elementor-element-3a34e77b e-flex e-con-boxed e-con e-child\" data-id=\"3a34e77b\" data-element_type=\"container\" data-e-type=\"container\">\n\t\t\t\t\t<div class=\"e-con-inner\">\n\t\t\t\t<div class=\"elementor-element elementor-element-6d1d6b46 elementor-widget elementor-widget-heading\" data-id=\"6d1d6b46\" data-element_type=\"widget\" data-e-type=\"widget\" data-widget_type=\"heading.default\">\n\t\t\t\t<div class=\"elementor-widget-container\">\n\t\t\t\t\t<h2 class=\"elementor-heading-title elementor-size-default\">Treba da znate\n<\/h2>\t\t\t\t<\/div>\n\t\t\t\t<\/div>\n\t\t\t\t<div class=\"elementor-element elementor-element-45bd331c elementor-widget elementor-widget-text-editor\" data-id=\"45bd331c\" data-element_type=\"widget\" data-e-type=\"widget\" data-widget_type=\"text-editor.default\">\n\t\t\t\t<div class=\"elementor-widget-container\">\n\t\t\t\t\t\t\t\t\tSa\u017eeli smo osnovne informacije o proizvodima, re\u0161enjima i uslugama za ovog klijenta.\n\n\t\t\t\t\t\t\t\t<\/div>\n\t\t\t\t<\/div>\n\t\t\t\t<div class=\"elementor-element elementor-element-6528c293 elementor-widget elementor-widget-image\" data-id=\"6528c293\" data-element_type=\"widget\" data-e-type=\"widget\" data-widget_type=\"image.default\">\n\t\t\t\t<div class=\"elementor-widget-container\">\n\t\t\t\t\t\t\t\t\t\t\t\t\t\t\t\t<a href=\"https:\/\/www.hailed.com.au\/\" target=\"_blank\">\n\t\t\t\t\t\t\t<img decoding=\"async\" width=\"200\" height=\"46\" src=\"https:\/\/switch-co.rs\/wp-content\/uploads\/2024\/04\/hailed-1-e1655188987206.png\" class=\"attachment-large size-large wp-image-988773\" alt=\"\" \/>\t\t\t\t\t\t\t\t<\/a>\n\t\t\t\t\t\t\t\t\t\t\t\t\t\t\t<\/div>\n\t\t\t\t<\/div>\n\t\t\t\t\t<\/div>\n\t\t\t\t<\/div>\n\t\t\t\t\t<\/div>\n\t\t\t\t<\/div>\n\t\t\t\t<div class=\"elementor-element elementor-element-7c93df7e elementor-widget elementor-widget-text-editor\" data-id=\"7c93df7e\" data-element_type=\"widget\" data-e-type=\"widget\" data-widget_type=\"text-editor.default\">\n\t\t\t\t<div class=\"elementor-widget-container\">\n\t\t\t\t\t\t\t\t\t<h3>Zahtevi klijenta<\/h3>\nMinimalisti\u010dki inspirisan kamin na drva koji harmoni\u010dno funkcioni\u0161e sa bilo kojim okru\u017eenjem, ali sadr\u017ei suptilne detalje dizajnirane da odu\u0161evljavaju. \u010cvrsto \u010deli\u010dno kuc\u0301i\u0161te i industrijski osec\u0301aj daju mu svestranost da upotpuni svaki prostor.\n\nPrimarni protok vazduha se kontroli\u0161e pomoc\u0301u jedne poluge koja omoguc\u0301ava br\u017ei po\u010detak vatre i dugotrajnije i efikasnije sagorevanje.\n\n\n<h3>Studija slu\u010daja<\/h3>\nPriprema lima za lasersko se\u010denje, savijanje. Ra\u0111eni su tehni\u010dki crte\u017ei, monta\u017eni crte\u017e, funkcionalnost monta\u017ee. Otvaranje vrata i monta\u017ea svih delova u sklopu.\n\t\t\t\t\t\t\t\t<\/div>\n\t\t\t\t<\/div>\n\t\t<div class=\"elementor-element elementor-element-1119c2c4 e-flex e-con-boxed e-con e-child\" data-id=\"1119c2c4\" data-element_type=\"container\" data-e-type=\"container\">\n\t\t\t\t\t<div class=\"e-con-inner\">\n\t\t<div class=\"elementor-element elementor-element-34aac4aa e-flex e-con-boxed e-con e-child\" data-id=\"34aac4aa\" data-element_type=\"container\" data-e-type=\"container\">\n\t\t\t\t\t<div class=\"e-con-inner\">\n\t\t\t\t<div class=\"elementor-element elementor-element-c369755 elementor-widget elementor-widget-gallery\" data-id=\"c369755\" data-element_type=\"widget\" data-e-type=\"widget\" data-settings=\"{&quot;aspect_ratio&quot;:&quot;1:1&quot;,&quot;lazyload&quot;:&quot;yes&quot;,&quot;gallery_layout&quot;:&quot;grid&quot;,&quot;columns&quot;:4,&quot;columns_tablet&quot;:2,&quot;columns_mobile&quot;:1,&quot;gap&quot;:{&quot;unit&quot;:&quot;px&quot;,&quot;size&quot;:10,&quot;sizes&quot;:[]},&quot;gap_tablet&quot;:{&quot;unit&quot;:&quot;px&quot;,&quot;size&quot;:10,&quot;sizes&quot;:[]},&quot;gap_mobile&quot;:{&quot;unit&quot;:&quot;px&quot;,&quot;size&quot;:10,&quot;sizes&quot;:[]},&quot;link_to&quot;:&quot;file&quot;,&quot;overlay_background&quot;:&quot;yes&quot;,&quot;content_hover_animation&quot;:&quot;fade-in&quot;}\" data-widget_type=\"gallery.default\">\n\t\t\t\t<div class=\"elementor-widget-container\">\n\t\t\t\t\t\t\t<div class=\"elementor-gallery__container\">\n\t\t\t\t\t\t\t<a class=\"e-gallery-item elementor-gallery-item elementor-animated-content\" href=\"https:\/\/switch-co.rs\/wp-content\/uploads\/2024\/04\/62143da518f1ae995d5c9d29_220221_347_cam_medium_4_print-p-800.jpeg\" data-elementor-open-lightbox=\"yes\" data-elementor-lightbox-slideshow=\"c369755\" data-e-action-hash=\"#elementor-action%3Aaction%3Dlightbox%26settings%3DeyJpZCI6OTg4Nzc1LCJ1cmwiOiJodHRwczpcL1wvc3dpdGNoLWNvLnJzXC93cC1jb250ZW50XC91cGxvYWRzXC8yMDI0XC8wNFwvNjIxNDNkYTUxOGYxYWU5OTVkNWM5ZDI5XzIyMDIyMV8zNDdfY2FtX21lZGl1bV80X3ByaW50LXAtODAwLmpwZWciLCJzbGlkZXNob3ciOiJjMzY5NzU1In0%3D\">\n\t\t\t\t\t<div class=\"e-gallery-image elementor-gallery-item__image\" data-thumbnail=\"https:\/\/switch-co.rs\/wp-content\/uploads\/2024\/04\/62143da518f1ae995d5c9d29_220221_347_cam_medium_4_print-p-800.jpeg\" data-width=\"800\" data-height=\"800\" aria-label=\"\" role=\"img\" ><\/div>\n\t\t\t\t\t\t\t\t\t\t\t<div class=\"elementor-gallery-item__overlay\"><\/div>\n\t\t\t\t\t\t\t\t\t\t\t\t\t\t<\/a>\n\t\t\t\t\t\t\t<a class=\"e-gallery-item elementor-gallery-item elementor-animated-content\" href=\"https:\/\/switch-co.rs\/wp-content\/uploads\/2024\/04\/6214a842bec7b210a4086386_220222_347_cam_4_masked_print-2-p-800.png\" data-elementor-open-lightbox=\"yes\" data-elementor-lightbox-slideshow=\"c369755\" data-elementor-lightbox-title=\"6214a842bec7b210a4086386_220222_347_cam_4_masked_print-2-p-800\" data-e-action-hash=\"#elementor-action%3Aaction%3Dlightbox%26settings%3DeyJpZCI6OTg4Nzc3LCJ1cmwiOiJodHRwczpcL1wvc3dpdGNoLWNvLnJzXC93cC1jb250ZW50XC91cGxvYWRzXC8yMDI0XC8wNFwvNjIxNGE4NDJiZWM3YjIxMGE0MDg2Mzg2XzIyMDIyMl8zNDdfY2FtXzRfbWFza2VkX3ByaW50LTItcC04MDAucG5nIiwic2xpZGVzaG93IjoiYzM2OTc1NSJ9\">\n\t\t\t\t\t<div class=\"e-gallery-image elementor-gallery-item__image\" data-thumbnail=\"https:\/\/switch-co.rs\/wp-content\/uploads\/2024\/04\/6214a842bec7b210a4086386_220222_347_cam_4_masked_print-2-p-800.png\" data-width=\"800\" data-height=\"800\" aria-label=\"\" role=\"img\" ><\/div>\n\t\t\t\t\t\t\t\t\t\t\t<div class=\"elementor-gallery-item__overlay\"><\/div>\n\t\t\t\t\t\t\t\t\t\t\t\t\t\t<\/a>\n\t\t\t\t\t\t\t<a class=\"e-gallery-item elementor-gallery-item elementor-animated-content\" href=\"https:\/\/switch-co.rs\/wp-content\/uploads\/2024\/04\/Pasted-File-at-April-7-2022-9_14-PM-2048x1209-1.png\" data-elementor-open-lightbox=\"yes\" data-elementor-lightbox-slideshow=\"c369755\" data-elementor-lightbox-title=\"Pasted-File-at-April-7-2022-9_14-PM-2048x1209\" data-e-action-hash=\"#elementor-action%3Aaction%3Dlightbox%26settings%3DeyJpZCI6OTg4Nzc5LCJ1cmwiOiJodHRwczpcL1wvc3dpdGNoLWNvLnJzXC93cC1jb250ZW50XC91cGxvYWRzXC8yMDI0XC8wNFwvUGFzdGVkLUZpbGUtYXQtQXByaWwtNy0yMDIyLTlfMTQtUE0tMjA0OHgxMjA5LTEucG5nIiwic2xpZGVzaG93IjoiYzM2OTc1NSJ9\">\n\t\t\t\t\t<div class=\"e-gallery-image elementor-gallery-item__image\" data-thumbnail=\"https:\/\/switch-co.rs\/wp-content\/uploads\/2024\/04\/Pasted-File-at-April-7-2022-9_14-PM-2048x1209-1.png\" data-width=\"2048\" data-height=\"1209\" aria-label=\"\" role=\"img\" ><\/div>\n\t\t\t\t\t\t\t\t\t\t\t<div class=\"elementor-gallery-item__overlay\"><\/div>\n\t\t\t\t\t\t\t\t\t\t\t\t\t\t<\/a>\n\t\t\t\t\t\t\t<a class=\"e-gallery-item elementor-gallery-item elementor-animated-content\" href=\"https:\/\/switch-co.rs\/wp-content\/uploads\/2024\/04\/6214a915f691bc5af5a7b826_220221_347_cam_D_print-2-p-1600.jpeg\" data-elementor-open-lightbox=\"yes\" data-elementor-lightbox-slideshow=\"c369755\" data-elementor-lightbox-title=\"6214a915f691bc5af5a7b826_220221_347_cam_D_print-2-p-1600\" data-e-action-hash=\"#elementor-action%3Aaction%3Dlightbox%26settings%3DeyJpZCI6OTg4NzgzLCJ1cmwiOiJodHRwczpcL1wvc3dpdGNoLWNvLnJzXC93cC1jb250ZW50XC91cGxvYWRzXC8yMDI0XC8wNFwvNjIxNGE5MTVmNjkxYmM1YWY1YTdiODI2XzIyMDIyMV8zNDdfY2FtX0RfcHJpbnQtMi1wLTE2MDAuanBlZyIsInNsaWRlc2hvdyI6ImMzNjk3NTUifQ%3D%3D\">\n\t\t\t\t\t<div class=\"e-gallery-image elementor-gallery-item__image\" data-thumbnail=\"https:\/\/switch-co.rs\/wp-content\/uploads\/2024\/04\/6214a915f691bc5af5a7b826_220221_347_cam_D_print-2-p-1600.jpeg\" data-width=\"1600\" data-height=\"1062\" aria-label=\"\" role=\"img\" ><\/div>\n\t\t\t\t\t\t\t\t\t\t\t<div class=\"elementor-gallery-item__overlay\"><\/div>\n\t\t\t\t\t\t\t\t\t\t\t\t\t\t<\/a>\n\t\t\t\t\t<\/div>\n\t\t\t\t\t<\/div>\n\t\t\t\t<\/div>\n\t\t\t\t\t<\/div>\n\t\t\t\t<\/div>\n\t\t\t\t\t<\/div>\n\t\t\t\t<\/div>\n\t\t\t\t\t<\/div>\n\t\t\t\t<\/div>\n\t\t\t\t\t<\/div>\n\t\t\t\t<\/div>\n\t\t\t\t<\/div>\n\t\t","protected":false},"excerpt":{"rendered":"<p>PORTFOLIO Hailed Kombinacija novog australijskog dizajna sa stru\u010dnom izradom. \u017divot uz vatru je proslava ambijenta koji vatra na drva stvara u na\u0161em domu. Treba da znate Sa\u017eeli smo osnovne informacije o proizvodima, re\u0161enjima i uslugama za ovog klijenta. Zahtevi klijenta Minimalisti\u010dki inspirisan kamin na drva koji harmoni\u010dno funkcioni\u0161e sa bilo kojim okru\u017eenjem, ali sadr\u017ei suptilne [&hellip;]<\/p>\n","protected":false},"author":2,"featured_media":0,"parent":0,"menu_order":0,"comment_status":"closed","ping_status":"closed","template":"elementor_header_footer","meta":{"om_disable_all_campaigns":false,"_monsterinsights_skip_tracking":false,"_monsterinsights_sitenote_active":false,"_monsterinsights_sitenote_note":"","_monsterinsights_sitenote_category":0,"_uf_show_specific_survey":0,"_uf_disable_surveys":false,"footnotes":""},"class_list":["post-988863","page","type-page","status-publish","hentry"],"aioseo_notices":[],"yoast_head":"<!-- This site is optimized with the Yoast SEO plugin v27.4 - https:\/\/yoast.com\/product\/yoast-seo-wordpress\/ -->\n<title>Hailed - Switch Co<\/title>\n<meta name=\"robots\" content=\"index, follow, max-snippet:-1, max-image-preview:large, max-video-preview:-1\" \/>\n<link rel=\"canonical\" href=\"https:\/\/switch-co.rs\/sr\/hailed\/\" \/>\n<meta property=\"og:locale\" content=\"sr_RS\" \/>\n<meta property=\"og:type\" content=\"article\" \/>\n<meta property=\"og:title\" content=\"Hailed - Switch Co\" \/>\n<meta property=\"og:description\" content=\"PORTFOLIO Hailed Kombinacija novog australijskog dizajna sa stru\u010dnom izradom. \u017divot uz vatru je proslava ambijenta koji vatra na drva stvara u na\u0161em domu. Treba da znate Sa\u017eeli smo osnovne informacije o proizvodima, re\u0161enjima i uslugama za ovog klijenta. Zahtevi klijenta Minimalisti\u010dki inspirisan kamin na drva koji harmoni\u010dno funkcioni\u0161e sa bilo kojim okru\u017eenjem, ali sadr\u017ei suptilne [&hellip;]\" \/>\n<meta property=\"og:url\" content=\"https:\/\/switch-co.rs\/sr\/hailed\/\" \/>\n<meta property=\"og:site_name\" content=\"Switch Co\" \/>\n<meta property=\"article:modified_time\" content=\"2024-05-16T17:01:30+00:00\" \/>\n<meta property=\"og:image\" content=\"https:\/\/switch-co.rs\/wp-content\/uploads\/2024\/04\/hailed-1-e1655188987206.png\" \/>\n<meta name=\"twitter:card\" content=\"summary_large_image\" \/>\n<meta name=\"twitter:label1\" content=\"\u041f\u0440\u043e\u0446\u0435\u045a\u0435\u043d\u043e \u0432\u0440\u0435\u043c\u0435 \u0447\u0438\u0442\u0430\u045a\u0430\" \/>\n\t<meta name=\"twitter:data1\" content=\"1 \u043c\u0438\u043d\u0443\u0442\" \/>\n<script type=\"application\/ld+json\" class=\"yoast-schema-graph\">{\"@context\":\"https:\\\/\\\/schema.org\",\"@graph\":[{\"@type\":\"WebPage\",\"@id\":\"https:\\\/\\\/switch-co.rs\\\/sr\\\/hailed\\\/\",\"url\":\"https:\\\/\\\/switch-co.rs\\\/sr\\\/hailed\\\/\",\"name\":\"Hailed - Switch Co\",\"isPartOf\":{\"@id\":\"https:\\\/\\\/switch-co.rs\\\/#website\"},\"primaryImageOfPage\":{\"@id\":\"https:\\\/\\\/switch-co.rs\\\/sr\\\/hailed\\\/#primaryimage\"},\"image\":{\"@id\":\"https:\\\/\\\/switch-co.rs\\\/sr\\\/hailed\\\/#primaryimage\"},\"thumbnailUrl\":\"https:\\\/\\\/switch-co.rs\\\/wp-content\\\/uploads\\\/2024\\\/04\\\/hailed-1-e1655188987206.png\",\"datePublished\":\"2024-04-27T08:45:55+00:00\",\"dateModified\":\"2024-05-16T17:01:30+00:00\",\"breadcrumb\":{\"@id\":\"https:\\\/\\\/switch-co.rs\\\/sr\\\/hailed\\\/#breadcrumb\"},\"inLanguage\":\"sr-RS\",\"potentialAction\":[{\"@type\":\"ReadAction\",\"target\":[\"https:\\\/\\\/switch-co.rs\\\/sr\\\/hailed\\\/\"]}]},{\"@type\":\"ImageObject\",\"inLanguage\":\"sr-RS\",\"@id\":\"https:\\\/\\\/switch-co.rs\\\/sr\\\/hailed\\\/#primaryimage\",\"url\":\"https:\\\/\\\/switch-co.rs\\\/wp-content\\\/uploads\\\/2024\\\/04\\\/hailed-1-e1655188987206.png\",\"contentUrl\":\"https:\\\/\\\/switch-co.rs\\\/wp-content\\\/uploads\\\/2024\\\/04\\\/hailed-1-e1655188987206.png\"},{\"@type\":\"BreadcrumbList\",\"@id\":\"https:\\\/\\\/switch-co.rs\\\/sr\\\/hailed\\\/#breadcrumb\",\"itemListElement\":[{\"@type\":\"ListItem\",\"position\":1,\"name\":\"Home\",\"item\":\"https:\\\/\\\/switch-co.rs\\\/sr\\\/\"},{\"@type\":\"ListItem\",\"position\":2,\"name\":\"Hailed\"}]},{\"@type\":\"WebSite\",\"@id\":\"https:\\\/\\\/switch-co.rs\\\/#website\",\"url\":\"https:\\\/\\\/switch-co.rs\\\/\",\"name\":\"Switch Co\",\"description\":\"\",\"potentialAction\":[{\"@type\":\"SearchAction\",\"target\":{\"@type\":\"EntryPoint\",\"urlTemplate\":\"https:\\\/\\\/switch-co.rs\\\/?s={search_term_string}\"},\"query-input\":{\"@type\":\"PropertyValueSpecification\",\"valueRequired\":true,\"valueName\":\"search_term_string\"}}],\"inLanguage\":\"sr-RS\"}]}<\/script>\n<!-- \/ Yoast SEO plugin. -->","yoast_head_json":{"title":"Hailed - Switch Co","robots":{"index":"index","follow":"follow","max-snippet":"max-snippet:-1","max-image-preview":"max-image-preview:large","max-video-preview":"max-video-preview:-1"},"canonical":"https:\/\/switch-co.rs\/sr\/hailed\/","og_locale":"sr_RS","og_type":"article","og_title":"Hailed - Switch Co","og_description":"PORTFOLIO Hailed Kombinacija novog australijskog dizajna sa stru\u010dnom izradom. \u017divot uz vatru je proslava ambijenta koji vatra na drva stvara u na\u0161em domu. Treba da znate Sa\u017eeli smo osnovne informacije o proizvodima, re\u0161enjima i uslugama za ovog klijenta. Zahtevi klijenta Minimalisti\u010dki inspirisan kamin na drva koji harmoni\u010dno funkcioni\u0161e sa bilo kojim okru\u017eenjem, ali sadr\u017ei suptilne [&hellip;]","og_url":"https:\/\/switch-co.rs\/sr\/hailed\/","og_site_name":"Switch Co","article_modified_time":"2024-05-16T17:01:30+00:00","og_image":[{"url":"https:\/\/switch-co.rs\/wp-content\/uploads\/2024\/04\/hailed-1-e1655188987206.png","type":"","width":"","height":""}],"twitter_card":"summary_large_image","twitter_misc":{"\u041f\u0440\u043e\u0446\u0435\u045a\u0435\u043d\u043e \u0432\u0440\u0435\u043c\u0435 \u0447\u0438\u0442\u0430\u045a\u0430":"1 \u043c\u0438\u043d\u0443\u0442"},"schema":{"@context":"https:\/\/schema.org","@graph":[{"@type":"WebPage","@id":"https:\/\/switch-co.rs\/sr\/hailed\/","url":"https:\/\/switch-co.rs\/sr\/hailed\/","name":"Hailed - Switch Co","isPartOf":{"@id":"https:\/\/switch-co.rs\/#website"},"primaryImageOfPage":{"@id":"https:\/\/switch-co.rs\/sr\/hailed\/#primaryimage"},"image":{"@id":"https:\/\/switch-co.rs\/sr\/hailed\/#primaryimage"},"thumbnailUrl":"https:\/\/switch-co.rs\/wp-content\/uploads\/2024\/04\/hailed-1-e1655188987206.png","datePublished":"2024-04-27T08:45:55+00:00","dateModified":"2024-05-16T17:01:30+00:00","breadcrumb":{"@id":"https:\/\/switch-co.rs\/sr\/hailed\/#breadcrumb"},"inLanguage":"sr-RS","potentialAction":[{"@type":"ReadAction","target":["https:\/\/switch-co.rs\/sr\/hailed\/"]}]},{"@type":"ImageObject","inLanguage":"sr-RS","@id":"https:\/\/switch-co.rs\/sr\/hailed\/#primaryimage","url":"https:\/\/switch-co.rs\/wp-content\/uploads\/2024\/04\/hailed-1-e1655188987206.png","contentUrl":"https:\/\/switch-co.rs\/wp-content\/uploads\/2024\/04\/hailed-1-e1655188987206.png"},{"@type":"BreadcrumbList","@id":"https:\/\/switch-co.rs\/sr\/hailed\/#breadcrumb","itemListElement":[{"@type":"ListItem","position":1,"name":"Home","item":"https:\/\/switch-co.rs\/sr\/"},{"@type":"ListItem","position":2,"name":"Hailed"}]},{"@type":"WebSite","@id":"https:\/\/switch-co.rs\/#website","url":"https:\/\/switch-co.rs\/","name":"Switch Co","description":"","potentialAction":[{"@type":"SearchAction","target":{"@type":"EntryPoint","urlTemplate":"https:\/\/switch-co.rs\/?s={search_term_string}"},"query-input":{"@type":"PropertyValueSpecification","valueRequired":true,"valueName":"search_term_string"}}],"inLanguage":"sr-RS"}]}},"_links":{"self":[{"href":"https:\/\/switch-co.rs\/sr\/wp-json\/wp\/v2\/pages\/988863","targetHints":{"allow":["GET"]}}],"collection":[{"href":"https:\/\/switch-co.rs\/sr\/wp-json\/wp\/v2\/pages"}],"about":[{"href":"https:\/\/switch-co.rs\/sr\/wp-json\/wp\/v2\/types\/page"}],"author":[{"embeddable":true,"href":"https:\/\/switch-co.rs\/sr\/wp-json\/wp\/v2\/users\/2"}],"replies":[{"embeddable":true,"href":"https:\/\/switch-co.rs\/sr\/wp-json\/wp\/v2\/comments?post=988863"}],"version-history":[{"count":1,"href":"https:\/\/switch-co.rs\/sr\/wp-json\/wp\/v2\/pages\/988863\/revisions"}],"predecessor-version":[{"id":988864,"href":"https:\/\/switch-co.rs\/sr\/wp-json\/wp\/v2\/pages\/988863\/revisions\/988864"}],"wp:attachment":[{"href":"https:\/\/switch-co.rs\/sr\/wp-json\/wp\/v2\/media?parent=988863"}],"curies":[{"name":"wp","href":"https:\/\/api.w.org\/{rel}","templated":true}]}}